{"id":123471,"date":"2025-11-13T11:30:45","date_gmt":"2025-11-13T10:30:45","guid":{"rendered":"https:\/\/www.ernstbrunn-apotheke.at\/katalog\/produkt\/gum-junior-monster-zahngel-tutti-frutti-50-ml\/"},"modified":"2025-12-09T09:52:30","modified_gmt":"2025-12-09T08:52:30","slug":"gum-junior-monster-zahngel-tutti-frutti-50-ml","status":"publish","type":"product","link":"https:\/\/www.ernstbrunn-apotheke.at\/katalog\/produkt\/gum-junior-monster-zahngel-tutti-frutti-50-ml\/","title":{"rendered":"Gum Junior Monster Zahngel Tutti-Frutti 50 ml"},"content":{"rendered":"<p>GUM Junior Monster Zahngel mit Tutti-Frutti Geschmack ist die patentierte Kombination von Fluorid und Isomalt erh\u00f6ht die Schmelz-Remineralisierung &#8211; f\u00fcr starke bleibende Z\u00e4hne ab 7 Jahre. Mit maximalem Fluoridgehalt (1.450 ppm) f\u00fcr fortschrittlichen Kariesschutz.<\/p>\n","protected":false},"excerpt":{"rendered":"<p>GUM Junior Monster Zahngel mit Tutti-Frutti Geschmack ist die patentierte Kombination von Fluorid und Isomalt erh\u00f6ht die Schmelz-Remineralisierung &#8211; f\u00fcr starke bleibende Z\u00e4hne ab 7 Jahre. Mit maximalem Fluoridgehalt (1.450 ppm) f\u00fcr fortschrittlichen Kariesschutz.<\/p>\n","protected":false},"featured_media":0,"template":"","meta":{"_acf_changed":false},"product_brand":[894],"product_cat":[810],"product_tag":[],"class_list":{"0":"post-123471","1":"product","2":"type-product","3":"status-publish","5":"product_brand-g-u-m","6":"product_cat-g","7":"pa_packungsgroesse-50ml","9":"first","10":"instock","11":"shipping-taxable","12":"purchasable","13":"product-type-simple"},"acf":[],"_links":{"self":[{"href":"https:\/\/www.ernstbrunn-apotheke.at\/katalog\/wp-json\/wp\/v2\/product\/123471","targetHints":{"allow":["GET"]}}],"collection":[{"href":"https:\/\/www.ernstbrunn-apotheke.at\/katalog\/wp-json\/wp\/v2\/product"}],"about":[{"href":"https:\/\/www.ernstbrunn-apotheke.at\/katalog\/wp-json\/wp\/v2\/types\/product"}],"wp:attachment":[{"href":"https:\/\/www.ernstbrunn-apotheke.at\/katalog\/wp-json\/wp\/v2\/media?parent=123471"}],"wp:term":[{"taxonomy":"product_brand","embeddable":true,"href":"https:\/\/www.ernstbrunn-apotheke.at\/katalog\/wp-json\/wp\/v2\/product_brand?post=123471"},{"taxonomy":"product_cat","embeddable":true,"href":"https:\/\/www.ernstbrunn-apotheke.at\/katalog\/wp-json\/wp\/v2\/product_cat?post=123471"},{"taxonomy":"product_tag","embeddable":true,"href":"https:\/\/www.ernstbrunn-apotheke.at\/katalog\/wp-json\/wp\/v2\/product_tag?post=123471"}],"curies":[{"name":"wp","href":"https:\/\/api.w.org\/{rel}","templated":true}]}}