{"id":123458,"date":"2025-11-13T11:30:31","date_gmt":"2025-11-13T10:30:31","guid":{"rendered":"https:\/\/www.ernstbrunn-apotheke.at\/katalog\/produkt\/gum-ortho-zahngel-75-ml\/"},"modified":"2025-12-09T09:52:27","modified_gmt":"2025-12-09T08:52:27","slug":"gum-ortho-zahngel-75-ml","status":"publish","type":"product","link":"https:\/\/www.ernstbrunn-apotheke.at\/katalog\/produkt\/gum-ortho-zahngel-75-ml\/","title":{"rendered":"Gum Ortho Zahngel 75 ml"},"content":{"rendered":"<p>GUM Ortho Zahngel &#8211; Fortschrittliche Kariesprophylaxe und Zahnfleischschutz.Fluorid (1.490 ppm) + Isomalt f\u00fcr eine \u00fcberlegeneRemineralisierung des Zahnschmelzes und Schutz vorInitiall\u00e4sionen und Karies.Mit 0,05 % Cetylpyridiniumchlorid f\u00fcr eine antibakterielleWirkung und um Plaque-Ansammlungenzu verhindern.Nat\u00fcrliche reizmindernde Inhaltsstoff e (Bisabolol,Ingwerextrakt, Aloe vera, Vitamin E) zur Beruhigungdes Zahnfleisches.Sanftes Minzaroma.<\/p>\n","protected":false},"excerpt":{"rendered":"<p>GUM Ortho Zahngel &#8211; Fortschrittliche Kariesprophylaxe und Zahnfleischschutz.Fluorid (1.490 ppm) + Isomalt f\u00fcr eine \u00fcberlegeneRemineralisierung des Zahnschmelzes und Schutz vorInitiall\u00e4sionen und Karies.Mit 0,05 % Cetylpyridiniumchlorid f\u00fcr eine antibakterielleWirkung und um Plaque-Ansammlungenzu verhindern.Nat\u00fcrliche reizmindernde Inhaltsstoff e (Bisabolol,Ingwerextrakt, Aloe vera, Vitamin E) zur Beruhigungdes Zahnfleisches.Sanftes Minzaroma.<\/p>\n","protected":false},"featured_media":0,"template":"","meta":{"_acf_changed":false},"product_brand":[894],"product_cat":[810],"product_tag":[],"class_list":{"0":"post-123458","1":"product","2":"type-product","3":"status-publish","5":"product_brand-g-u-m","6":"product_cat-g","7":"pa_packungsgroesse-75ml","9":"first","10":"instock","11":"shipping-taxable","12":"purchasable","13":"product-type-simple"},"acf":[],"_links":{"self":[{"href":"https:\/\/www.ernstbrunn-apotheke.at\/katalog\/wp-json\/wp\/v2\/product\/123458","targetHints":{"allow":["GET"]}}],"collection":[{"href":"https:\/\/www.ernstbrunn-apotheke.at\/katalog\/wp-json\/wp\/v2\/product"}],"about":[{"href":"https:\/\/www.ernstbrunn-apotheke.at\/katalog\/wp-json\/wp\/v2\/types\/product"}],"wp:attachment":[{"href":"https:\/\/www.ernstbrunn-apotheke.at\/katalog\/wp-json\/wp\/v2\/media?parent=123458"}],"wp:term":[{"taxonomy":"product_brand","embeddable":true,"href":"https:\/\/www.ernstbrunn-apotheke.at\/katalog\/wp-json\/wp\/v2\/product_brand?post=123458"},{"taxonomy":"product_cat","embeddable":true,"href":"https:\/\/www.ernstbrunn-apotheke.at\/katalog\/wp-json\/wp\/v2\/product_cat?post=123458"},{"taxonomy":"product_tag","embeddable":true,"href":"https:\/\/www.ernstbrunn-apotheke.at\/katalog\/wp-json\/wp\/v2\/product_tag?post=123458"}],"curies":[{"name":"wp","href":"https:\/\/api.w.org\/{rel}","templated":true}]}}