{"id":123417,"date":"2025-11-13T11:29:35","date_gmt":"2025-11-13T10:29:35","guid":{"rendered":"https:\/\/www.ernstbrunn-apotheke.at\/katalog\/produkt\/swissherbs-grethers-pastillen-clear-voice-zuckerfrei-45-g\/"},"modified":"2025-12-09T09:52:20","modified_gmt":"2025-12-09T08:52:20","slug":"swissherbs-grethers-pastillen-clear-voice-zuckerfrei-45-g","status":"publish","type":"product","link":"https:\/\/www.ernstbrunn-apotheke.at\/katalog\/produkt\/swissherbs-grethers-pastillen-clear-voice-zuckerfrei-45-g\/","title":{"rendered":"SwissHerbs Grethers Pastillen Clear Voice zuckerfrei 45 g"},"content":{"rendered":"<p>Die Schweizer Pastille mit dem Edelwei\u00df! Ein fruchtig-beeriger Genu\u00df und eine Wohltat &#8211; besonders bei trockenem Hals durch \u00fcberm\u00e4\u00dfiges Sprechen oder Singen.  Mit Johannisbeeren-Konzentrat, Edelwei\u00df- und Salbei-Extrakt, Glycerin, Vitaminen C und A. Bei trockenem Hals durch \u00fcberm\u00e4\u00dfiges Sprechen oder Singen unterst\u00fctzt Swiss Herbs den Hals mit einem wohltuenden Gef\u00fchl.<\/p>\n","protected":false},"excerpt":{"rendered":"<p>Die Schweizer Pastille mit dem Edelwei\u00df! Ein fruchtig-beeriger Genu\u00df und eine Wohltat &#8211; besonders bei trockenem Hals durch \u00fcberm\u00e4\u00dfiges Sprechen oder Singen. Mit Johannisbeeren-Konzentrat, Edelwei\u00df- und Salbei-Extrakt, Glycerin, Vitaminen C und A. Bei trockenem Hals durch \u00fcberm\u00e4\u00dfiges Sprechen oder Singen unterst\u00fctzt Swiss Herbs den Hals mit einem wohltuenden Gef\u00fchl.<\/p>\n","protected":false},"featured_media":0,"template":"","meta":{"_acf_changed":false},"product_brand":[],"product_cat":[791],"product_tag":[],"class_list":{"0":"post-123417","1":"product","2":"type-product","3":"status-publish","5":"product_cat-s","6":"pa_packungsgroesse-45g","8":"first","9":"instock","10":"shipping-taxable","11":"purchasable","12":"product-type-simple"},"acf":[],"_links":{"self":[{"href":"https:\/\/www.ernstbrunn-apotheke.at\/katalog\/wp-json\/wp\/v2\/product\/123417","targetHints":{"allow":["GET"]}}],"collection":[{"href":"https:\/\/www.ernstbrunn-apotheke.at\/katalog\/wp-json\/wp\/v2\/product"}],"about":[{"href":"https:\/\/www.ernstbrunn-apotheke.at\/katalog\/wp-json\/wp\/v2\/types\/product"}],"wp:attachment":[{"href":"https:\/\/www.ernstbrunn-apotheke.at\/katalog\/wp-json\/wp\/v2\/media?parent=123417"}],"wp:term":[{"taxonomy":"product_brand","embeddable":true,"href":"https:\/\/www.ernstbrunn-apotheke.at\/katalog\/wp-json\/wp\/v2\/product_brand?post=123417"},{"taxonomy":"product_cat","embeddable":true,"href":"https:\/\/www.ernstbrunn-apotheke.at\/katalog\/wp-json\/wp\/v2\/product_cat?post=123417"},{"taxonomy":"product_tag","embeddable":true,"href":"https:\/\/www.ernstbrunn-apotheke.at\/katalog\/wp-json\/wp\/v2\/product_tag?post=123417"}],"curies":[{"name":"wp","href":"https:\/\/api.w.org\/{rel}","templated":true}]}}