{"id":123363,"date":"2025-11-13T11:28:29","date_gmt":"2025-11-13T10:28:29","guid":{"rendered":"https:\/\/www.ernstbrunn-apotheke.at\/katalog\/produkt\/granovital-erdnussbutter-350-g\/"},"modified":"2025-12-09T09:52:04","modified_gmt":"2025-12-09T08:52:04","slug":"granovital-erdnussbutter-350-g","status":"publish","type":"product","link":"https:\/\/www.ernstbrunn-apotheke.at\/katalog\/produkt\/granovital-erdnussbutter-350-g\/","title":{"rendered":"Granovital Erdnussbutter 350 g"},"content":{"rendered":"<p>Granovital Erdnussbutter ist eine Erdnuss-Creme mit Erdnuss-St\u00fcckchen und wird aus ger\u00f6steten Erdn\u00fcssen hergestellt. Ob als Brotaufstrich, in Rohkostsalaten, in So\u00dfen, in Quark- oder Joghurtspeisen oder zum Backen.<\/p>\n","protected":false},"excerpt":{"rendered":"<p>Granovital Erdnussbutter ist eine Erdnuss-Creme mit Erdnuss-St\u00fcckchen und wird aus ger\u00f6steten Erdn\u00fcssen hergestellt. Ob als Brotaufstrich, in Rohkostsalaten, in So\u00dfen, in Quark- oder Joghurtspeisen oder zum Backen.<\/p>\n","protected":false},"featured_media":0,"template":"","meta":{"_acf_changed":false},"product_brand":[],"product_cat":[810],"product_tag":[],"class_list":{"0":"post-123363","1":"product","2":"type-product","3":"status-publish","5":"product_cat-g","6":"pa_packungsgroesse-350g","8":"first","9":"instock","10":"shipping-taxable","11":"purchasable","12":"product-type-simple"},"acf":[],"_links":{"self":[{"href":"https:\/\/www.ernstbrunn-apotheke.at\/katalog\/wp-json\/wp\/v2\/product\/123363","targetHints":{"allow":["GET"]}}],"collection":[{"href":"https:\/\/www.ernstbrunn-apotheke.at\/katalog\/wp-json\/wp\/v2\/product"}],"about":[{"href":"https:\/\/www.ernstbrunn-apotheke.at\/katalog\/wp-json\/wp\/v2\/types\/product"}],"wp:attachment":[{"href":"https:\/\/www.ernstbrunn-apotheke.at\/katalog\/wp-json\/wp\/v2\/media?parent=123363"}],"wp:term":[{"taxonomy":"product_brand","embeddable":true,"href":"https:\/\/www.ernstbrunn-apotheke.at\/katalog\/wp-json\/wp\/v2\/product_brand?post=123363"},{"taxonomy":"product_cat","embeddable":true,"href":"https:\/\/www.ernstbrunn-apotheke.at\/katalog\/wp-json\/wp\/v2\/product_cat?post=123363"},{"taxonomy":"product_tag","embeddable":true,"href":"https:\/\/www.ernstbrunn-apotheke.at\/katalog\/wp-json\/wp\/v2\/product_tag?post=123363"}],"curies":[{"name":"wp","href":"https:\/\/api.w.org\/{rel}","templated":true}]}}