{"id":123208,"date":"2025-11-13T11:25:50","date_gmt":"2025-11-13T10:25:50","guid":{"rendered":"https:\/\/www.ernstbrunn-apotheke.at\/katalog\/produkt\/hipp-babysanft-shampoo-dusche-200ml\/"},"modified":"2025-12-09T09:51:16","modified_gmt":"2025-12-09T08:51:16","slug":"hipp-babysanft-shampoo-dusche-200ml","status":"publish","type":"product","link":"https:\/\/www.ernstbrunn-apotheke.at\/katalog\/produkt\/hipp-babysanft-shampoo-dusche-200ml\/","title":{"rendered":"Hipp Babysanft Shampoo &#038; Dusche 200ml"},"content":{"rendered":"<p>Das Hipp Babysanft Shampoo &#038; Dusche wurde speziell f\u00fcr die sensible Haut und die Haare von Kindern entwickelt und wird deshalb ohne Zusatz von \u00e4therischen \u00d6len und Konservierungsstoffen hergestellt. Das milde Shampoo ist besonders hautvertr\u00e4glich und brennt nicht in den Augen. Durch seine pflegenden Inhaltsstoffe hilft es den nat\u00fcrlichen S\u00e4ureschutzmantel der Haut aufrecht zu erhalten<\/p>\n","protected":false},"excerpt":{"rendered":"<p>Das Hipp Babysanft Shampoo &#038; Dusche wurde speziell f\u00fcr die sensible Haut und die Haare von Kindern entwickelt und wird deshalb ohne Zusatz von \u00e4therischen \u00d6len und Konservierungsstoffen hergestellt. Das milde Shampoo ist besonders hautvertr\u00e4glich und brennt nicht in den Augen. Durch seine pflegenden Inhaltsstoffe hilft es den nat\u00fcrlichen S\u00e4ureschutzmantel der Haut aufrecht zu erhalten<\/p>\n","protected":false},"featured_media":123210,"template":"","meta":{"_acf_changed":false},"product_brand":[],"product_cat":[805],"product_tag":[],"class_list":{"0":"post-123208","1":"product","2":"type-product","3":"status-publish","4":"has-post-thumbnail","6":"product_cat-h","7":"pa_packungsgroesse-200ml","9":"first","10":"instock","11":"shipping-taxable","12":"purchasable","13":"product-type-simple"},"acf":[],"_links":{"self":[{"href":"https:\/\/www.ernstbrunn-apotheke.at\/katalog\/wp-json\/wp\/v2\/product\/123208","targetHints":{"allow":["GET"]}}],"collection":[{"href":"https:\/\/www.ernstbrunn-apotheke.at\/katalog\/wp-json\/wp\/v2\/product"}],"about":[{"href":"https:\/\/www.ernstbrunn-apotheke.at\/katalog\/wp-json\/wp\/v2\/types\/product"}],"wp:featuredmedia":[{"embeddable":true,"href":"https:\/\/www.ernstbrunn-apotheke.at\/katalog\/wp-json\/wp\/v2\/media\/123210"}],"wp:attachment":[{"href":"https:\/\/www.ernstbrunn-apotheke.at\/katalog\/wp-json\/wp\/v2\/media?parent=123208"}],"wp:term":[{"taxonomy":"product_brand","embeddable":true,"href":"https:\/\/www.ernstbrunn-apotheke.at\/katalog\/wp-json\/wp\/v2\/product_brand?post=123208"},{"taxonomy":"product_cat","embeddable":true,"href":"https:\/\/www.ernstbrunn-apotheke.at\/katalog\/wp-json\/wp\/v2\/product_cat?post=123208"},{"taxonomy":"product_tag","embeddable":true,"href":"https:\/\/www.ernstbrunn-apotheke.at\/katalog\/wp-json\/wp\/v2\/product_tag?post=123208"}],"curies":[{"name":"wp","href":"https:\/\/api.w.org\/{rel}","templated":true}]}}