{"id":123205,"date":"2025-11-13T11:25:50","date_gmt":"2025-11-13T10:25:50","guid":{"rendered":"https:\/\/www.ernstbrunn-apotheke.at\/katalog\/produkt\/himalaya-ursalz-speisesalz-500-g\/"},"modified":"2025-12-09T09:51:16","modified_gmt":"2025-12-09T08:51:16","slug":"himalaya-ursalz-speisesalz-500-g","status":"publish","type":"product","link":"https:\/\/www.ernstbrunn-apotheke.at\/katalog\/produkt\/himalaya-ursalz-speisesalz-500-g\/","title":{"rendered":"Himalaya Ursalz Speisesalz 500 g"},"content":{"rendered":"<p>Himalaya Ursalz Speisesalz 500 g ist ein rosafarbenes Steinsalz aus Pakistan. Es ist Millionen Jahre alt und erh\u00e4lt seine Rosafarbe durch Eiseneinschl\u00fcsse. Dieses edle Steinsalz schmeckt nicht nur ganz besonders, ihm werden dar\u00fcber hinaus auch heilende Kr\u00e4fte nachgesagt<\/p>\n","protected":false},"excerpt":{"rendered":"<p>Himalaya Ursalz Speisesalz 500 g ist ein rosafarbenes Steinsalz aus Pakistan. Es ist Millionen Jahre alt und erh\u00e4lt seine Rosafarbe durch Eiseneinschl\u00fcsse. Dieses edle Steinsalz schmeckt nicht nur ganz besonders, ihm werden dar\u00fcber hinaus auch heilende Kr\u00e4fte nachgesagt<\/p>\n","protected":false},"featured_media":123207,"template":"","meta":{"_acf_changed":false},"product_brand":[],"product_cat":[805],"product_tag":[],"class_list":{"0":"post-123205","1":"product","2":"type-product","3":"status-publish","4":"has-post-thumbnail","6":"product_cat-h","7":"pa_packungsgroesse-500g","9":"first","10":"instock","11":"shipping-taxable","12":"purchasable","13":"product-type-simple"},"acf":[],"_links":{"self":[{"href":"https:\/\/www.ernstbrunn-apotheke.at\/katalog\/wp-json\/wp\/v2\/product\/123205","targetHints":{"allow":["GET"]}}],"collection":[{"href":"https:\/\/www.ernstbrunn-apotheke.at\/katalog\/wp-json\/wp\/v2\/product"}],"about":[{"href":"https:\/\/www.ernstbrunn-apotheke.at\/katalog\/wp-json\/wp\/v2\/types\/product"}],"wp:featuredmedia":[{"embeddable":true,"href":"https:\/\/www.ernstbrunn-apotheke.at\/katalog\/wp-json\/wp\/v2\/media\/123207"}],"wp:attachment":[{"href":"https:\/\/www.ernstbrunn-apotheke.at\/katalog\/wp-json\/wp\/v2\/media?parent=123205"}],"wp:term":[{"taxonomy":"product_brand","embeddable":true,"href":"https:\/\/www.ernstbrunn-apotheke.at\/katalog\/wp-json\/wp\/v2\/product_brand?post=123205"},{"taxonomy":"product_cat","embeddable":true,"href":"https:\/\/www.ernstbrunn-apotheke.at\/katalog\/wp-json\/wp\/v2\/product_cat?post=123205"},{"taxonomy":"product_tag","embeddable":true,"href":"https:\/\/www.ernstbrunn-apotheke.at\/katalog\/wp-json\/wp\/v2\/product_tag?post=123205"}],"curies":[{"name":"wp","href":"https:\/\/api.w.org\/{rel}","templated":true}]}}