{"id":12308,"date":"2025-11-07T14:47:09","date_gmt":"2025-11-07T13:47:09","guid":{"rendered":"https:\/\/www.ernstbrunn-apotheke.at\/katalog\/produkt\/futuro-sport-tennis-ellbogen-bandage-45975\/"},"modified":"2025-12-08T13:33:08","modified_gmt":"2025-12-08T12:33:08","slug":"futuro-sport-tennis-ellbogen-bandage-45975","status":"publish","type":"product","link":"https:\/\/www.ernstbrunn-apotheke.at\/katalog\/produkt\/futuro-sport-tennis-ellbogen-bandage-45975\/","title":{"rendered":"Futuro Sport Tennis &#8211; Ellbogen &#8211; Bandage 45975"},"content":{"rendered":"<p>Futuro Tennis Ellenbogenbandage hilft bei Schmerzen bei gereiztem Gelenk, \u00dcberlastungssyndrom sowie Tennis- oder Golferarm. Sie ist einfach anzuziehen, passt sich perfekt an und sorgt dank ihres hautfreundlichen, atmungsaktiven Materials f\u00fcr einen angenehmen Tragekomfort. Zudem helfen spezielle Massagepelotten, Ihre Schmerzen zu lindern und \u00fcben dar\u00fcberhinaus einen beschleunigten Heilungsprozess aus.<\/p>\n","protected":false},"excerpt":{"rendered":"<p>Futuro Tennis Ellenbogenbandage hilft bei Schmerzen bei gereiztem Gelenk, \u00dcberlastungssyndrom sowie Tennis- oder Golferarm. Sie ist einfach anzuziehen, passt sich perfekt an und sorgt dank ihres hautfreundlichen, atmungsaktiven Materials f\u00fcr einen angenehmen Tragekomfort. Zudem helfen spezielle Massagepelotten, Ihre Schmerzen zu lindern und \u00fcben dar\u00fcberhinaus einen beschleunigten Heilungsprozess aus.<\/p>\n","protected":false},"featured_media":12310,"template":"","meta":{"_acf_changed":false},"product_brand":[413],"product_cat":[809],"product_tag":[],"class_list":{"0":"post-12308","1":"product","2":"type-product","3":"status-publish","4":"has-post-thumbnail","6":"product_brand-futuro","7":"product_cat-f","8":"pa_packungsgroesse-1-stueck","10":"first","11":"instock","12":"shipping-taxable","13":"purchasable","14":"product-type-simple"},"acf":[],"_links":{"self":[{"href":"https:\/\/www.ernstbrunn-apotheke.at\/katalog\/wp-json\/wp\/v2\/product\/12308","targetHints":{"allow":["GET"]}}],"collection":[{"href":"https:\/\/www.ernstbrunn-apotheke.at\/katalog\/wp-json\/wp\/v2\/product"}],"about":[{"href":"https:\/\/www.ernstbrunn-apotheke.at\/katalog\/wp-json\/wp\/v2\/types\/product"}],"wp:featuredmedia":[{"embeddable":true,"href":"https:\/\/www.ernstbrunn-apotheke.at\/katalog\/wp-json\/wp\/v2\/media\/12310"}],"wp:attachment":[{"href":"https:\/\/www.ernstbrunn-apotheke.at\/katalog\/wp-json\/wp\/v2\/media?parent=12308"}],"wp:term":[{"taxonomy":"product_brand","embeddable":true,"href":"https:\/\/www.ernstbrunn-apotheke.at\/katalog\/wp-json\/wp\/v2\/product_brand?post=12308"},{"taxonomy":"product_cat","embeddable":true,"href":"https:\/\/www.ernstbrunn-apotheke.at\/katalog\/wp-json\/wp\/v2\/product_cat?post=12308"},{"taxonomy":"product_tag","embeddable":true,"href":"https:\/\/www.ernstbrunn-apotheke.at\/katalog\/wp-json\/wp\/v2\/product_tag?post=12308"}],"curies":[{"name":"wp","href":"https:\/\/api.w.org\/{rel}","templated":true}]}}