{"id":123009,"date":"2025-11-13T10:57:06","date_gmt":"2025-11-13T09:57:06","guid":{"rendered":"https:\/\/www.ernstbrunn-apotheke.at\/katalog\/produkt\/henna-plus-colour-boost-200-ml-copper\/"},"modified":"2025-12-09T09:51:03","modified_gmt":"2025-12-09T08:51:03","slug":"henna-plus-colour-boost-200-ml-copper","status":"publish","type":"product","link":"https:\/\/www.ernstbrunn-apotheke.at\/katalog\/produkt\/henna-plus-colour-boost-200-ml-copper\/","title":{"rendered":"Henna Plus Colour Boost 200 ml Copper"},"content":{"rendered":"<p>Henna Plus Colour Boost intensiviert und frischt die nat\u00fcrliche oder gef\u00e4rbte Haarfarbe mit einem kr\u00e4ftigen und nat\u00fcrlichen Glanz auf. Die einzige ammoniak- und peroxidfreie Formel mit Colour Match Technologie bringt Ihrer Haarfarbe die urspr\u00fcngliche Kraft, Lebendigkeit und den Glanz zur\u00fcck.<\/p>\n","protected":false},"excerpt":{"rendered":"<p>Henna Plus Colour Boost intensiviert und frischt die nat\u00fcrliche oder gef\u00e4rbte Haarfarbe mit einem kr\u00e4ftigen und nat\u00fcrlichen Glanz auf. Die einzige ammoniak- und peroxidfreie Formel mit Colour Match Technologie bringt Ihrer Haarfarbe die urspr\u00fcngliche Kraft, Lebendigkeit und den Glanz zur\u00fcck.<\/p>\n","protected":false},"featured_media":123011,"template":"","meta":{"_acf_changed":false},"product_brand":[1471],"product_cat":[805],"product_tag":[],"class_list":{"0":"post-123009","1":"product","2":"type-product","3":"status-publish","4":"has-post-thumbnail","6":"product_brand-hennaplus","7":"product_cat-h","8":"pa_packungsgroesse-200ml","10":"first","11":"instock","12":"shipping-taxable","13":"purchasable","14":"product-type-simple"},"acf":[],"_links":{"self":[{"href":"https:\/\/www.ernstbrunn-apotheke.at\/katalog\/wp-json\/wp\/v2\/product\/123009","targetHints":{"allow":["GET"]}}],"collection":[{"href":"https:\/\/www.ernstbrunn-apotheke.at\/katalog\/wp-json\/wp\/v2\/product"}],"about":[{"href":"https:\/\/www.ernstbrunn-apotheke.at\/katalog\/wp-json\/wp\/v2\/types\/product"}],"wp:featuredmedia":[{"embeddable":true,"href":"https:\/\/www.ernstbrunn-apotheke.at\/katalog\/wp-json\/wp\/v2\/media\/123011"}],"wp:attachment":[{"href":"https:\/\/www.ernstbrunn-apotheke.at\/katalog\/wp-json\/wp\/v2\/media?parent=123009"}],"wp:term":[{"taxonomy":"product_brand","embeddable":true,"href":"https:\/\/www.ernstbrunn-apotheke.at\/katalog\/wp-json\/wp\/v2\/product_brand?post=123009"},{"taxonomy":"product_cat","embeddable":true,"href":"https:\/\/www.ernstbrunn-apotheke.at\/katalog\/wp-json\/wp\/v2\/product_cat?post=123009"},{"taxonomy":"product_tag","embeddable":true,"href":"https:\/\/www.ernstbrunn-apotheke.at\/katalog\/wp-json\/wp\/v2\/product_tag?post=123009"}],"curies":[{"name":"wp","href":"https:\/\/api.w.org\/{rel}","templated":true}]}}