{"id":122958,"date":"2025-11-13T10:55:42","date_gmt":"2025-11-13T09:55:42","guid":{"rendered":"https:\/\/www.ernstbrunn-apotheke.at\/katalog\/produkt\/dr-hauschka-koerperoel-rosen-10-ml\/"},"modified":"2025-12-09T09:50:57","modified_gmt":"2025-12-09T08:50:57","slug":"dr-hauschka-koerperoel-rosen-10-ml","status":"publish","type":"product","link":"https:\/\/www.ernstbrunn-apotheke.at\/katalog\/produkt\/dr-hauschka-koerperoel-rosen-10-ml\/","title":{"rendered":"Dr. Hauschka K\u00f6rper\u00f6l Rosen 10 ml"},"content":{"rendered":"<p>Dr. Hauschka K\u00f6rper\u00f6l Rosen bildet zusammen mit dem kostbaren nat\u00fcrlichen \u00e4therischen Rosen\u00f6l und feuchtigkeitsbewahrendem Jojoba\u00f6l ein ausgleichendes und harmonisierendes Pflege\u00f6l, welches f\u00fcr geschmeidige Haut sorgt und bei Nervosit\u00e4t und seelischer Ersch\u00f6pfung unterst\u00fctzt.<\/p>\n","protected":false},"excerpt":{"rendered":"<p>Dr. Hauschka K\u00f6rper\u00f6l Rosen bildet zusammen mit dem kostbaren nat\u00fcrlichen \u00e4therischen Rosen\u00f6l und feuchtigkeitsbewahrendem Jojoba\u00f6l ein ausgleichendes und harmonisierendes Pflege\u00f6l, welches f\u00fcr geschmeidige Haut sorgt und bei Nervosit\u00e4t und seelischer Ersch\u00f6pfung unterst\u00fctzt.<\/p>\n","protected":false},"featured_media":122960,"template":"","meta":{"_acf_changed":false},"product_brand":[355],"product_cat":[792],"product_tag":[],"class_list":{"0":"post-122958","1":"product","2":"type-product","3":"status-publish","4":"has-post-thumbnail","6":"product_brand-hauschka","7":"product_cat-d","8":"pa_packungsgroesse-10ml","10":"first","11":"instock","12":"shipping-taxable","13":"purchasable","14":"product-type-simple"},"acf":[],"_links":{"self":[{"href":"https:\/\/www.ernstbrunn-apotheke.at\/katalog\/wp-json\/wp\/v2\/product\/122958","targetHints":{"allow":["GET"]}}],"collection":[{"href":"https:\/\/www.ernstbrunn-apotheke.at\/katalog\/wp-json\/wp\/v2\/product"}],"about":[{"href":"https:\/\/www.ernstbrunn-apotheke.at\/katalog\/wp-json\/wp\/v2\/types\/product"}],"wp:featuredmedia":[{"embeddable":true,"href":"https:\/\/www.ernstbrunn-apotheke.at\/katalog\/wp-json\/wp\/v2\/media\/122960"}],"wp:attachment":[{"href":"https:\/\/www.ernstbrunn-apotheke.at\/katalog\/wp-json\/wp\/v2\/media?parent=122958"}],"wp:term":[{"taxonomy":"product_brand","embeddable":true,"href":"https:\/\/www.ernstbrunn-apotheke.at\/katalog\/wp-json\/wp\/v2\/product_brand?post=122958"},{"taxonomy":"product_cat","embeddable":true,"href":"https:\/\/www.ernstbrunn-apotheke.at\/katalog\/wp-json\/wp\/v2\/product_cat?post=122958"},{"taxonomy":"product_tag","embeddable":true,"href":"https:\/\/www.ernstbrunn-apotheke.at\/katalog\/wp-json\/wp\/v2\/product_tag?post=122958"}],"curies":[{"name":"wp","href":"https:\/\/api.w.org\/{rel}","templated":true}]}}