{"id":122903,"date":"2025-11-13T10:54:34","date_gmt":"2025-11-13T09:54:34","guid":{"rendered":"https:\/\/www.ernstbrunn-apotheke.at\/katalog\/produkt\/dr-hauschka-gesicht-aufbau-maske-5-ml\/"},"modified":"2025-12-09T09:50:50","modified_gmt":"2025-12-09T08:50:50","slug":"dr-hauschka-gesicht-aufbau-maske-5-ml","status":"publish","type":"product","link":"https:\/\/www.ernstbrunn-apotheke.at\/katalog\/produkt\/dr-hauschka-gesicht-aufbau-maske-5-ml\/","title":{"rendered":"Dr. Hauschka Gesicht Aufbau-Maske 5 ml"},"content":{"rendered":"<p>Dr. Hauschka Gesicht Aufbau-Maske schenkt sp\u00fcrbare Erneuerungsimpulse f\u00fcr regenerationsbed\u00fcrftige, anspruchsvolle und feuchtigkeitsbed\u00fcrftige Haut. Die Regenerationsf\u00e4higkeit der Haut wird gef\u00f6rdert. Die Vitalit\u00e4t der Haut wird unterst\u00fctzt und ihre feuchtigkeitsspeichernden Eigenschaften werden aktiviert. F\u00fcr ein sp\u00fcrbar glattes und erholtes Hautgef\u00fchl und einen rosig zarten Teint.<\/p>\n","protected":false},"excerpt":{"rendered":"<p>Dr. Hauschka Gesicht Aufbau-Maske schenkt sp\u00fcrbare Erneuerungsimpulse f\u00fcr regenerationsbed\u00fcrftige, anspruchsvolle und feuchtigkeitsbed\u00fcrftige Haut. Die Regenerationsf\u00e4higkeit der Haut wird gef\u00f6rdert. Die Vitalit\u00e4t der Haut wird unterst\u00fctzt und ihre feuchtigkeitsspeichernden Eigenschaften werden aktiviert. F\u00fcr ein sp\u00fcrbar glattes und erholtes Hautgef\u00fchl und einen rosig zarten Teint.<\/p>\n","protected":false},"featured_media":122905,"template":"","meta":{"_acf_changed":false},"product_brand":[355],"product_cat":[792],"product_tag":[],"class_list":{"0":"post-122903","1":"product","2":"type-product","3":"status-publish","4":"has-post-thumbnail","6":"product_brand-hauschka","7":"product_cat-d","8":"pa_packungsgroesse-5ml","10":"first","11":"instock","12":"shipping-taxable","13":"purchasable","14":"product-type-simple"},"acf":[],"_links":{"self":[{"href":"https:\/\/www.ernstbrunn-apotheke.at\/katalog\/wp-json\/wp\/v2\/product\/122903","targetHints":{"allow":["GET"]}}],"collection":[{"href":"https:\/\/www.ernstbrunn-apotheke.at\/katalog\/wp-json\/wp\/v2\/product"}],"about":[{"href":"https:\/\/www.ernstbrunn-apotheke.at\/katalog\/wp-json\/wp\/v2\/types\/product"}],"wp:featuredmedia":[{"embeddable":true,"href":"https:\/\/www.ernstbrunn-apotheke.at\/katalog\/wp-json\/wp\/v2\/media\/122905"}],"wp:attachment":[{"href":"https:\/\/www.ernstbrunn-apotheke.at\/katalog\/wp-json\/wp\/v2\/media?parent=122903"}],"wp:term":[{"taxonomy":"product_brand","embeddable":true,"href":"https:\/\/www.ernstbrunn-apotheke.at\/katalog\/wp-json\/wp\/v2\/product_brand?post=122903"},{"taxonomy":"product_cat","embeddable":true,"href":"https:\/\/www.ernstbrunn-apotheke.at\/katalog\/wp-json\/wp\/v2\/product_cat?post=122903"},{"taxonomy":"product_tag","embeddable":true,"href":"https:\/\/www.ernstbrunn-apotheke.at\/katalog\/wp-json\/wp\/v2\/product_tag?post=122903"}],"curies":[{"name":"wp","href":"https:\/\/api.w.org\/{rel}","templated":true}]}}