{"id":122900,"date":"2025-11-13T10:54:34","date_gmt":"2025-11-13T09:54:34","guid":{"rendered":"https:\/\/www.ernstbrunn-apotheke.at\/katalog\/produkt\/dr-hauschka-beruhigende-maske-5-ml\/"},"modified":"2025-12-09T09:50:50","modified_gmt":"2025-12-09T08:50:50","slug":"dr-hauschka-beruhigende-maske-5-ml","status":"publish","type":"product","link":"https:\/\/www.ernstbrunn-apotheke.at\/katalog\/produkt\/dr-hauschka-beruhigende-maske-5-ml\/","title":{"rendered":"Dr. Hauschka Beruhigende Maske 5 ml"},"content":{"rendered":"<p>Dr. Hauschka Beruhigende Maske bringt Ihre Haut auf sanfte Weise in ihr nat\u00fcrliches Gleichgewicht zur\u00fcck. F\u00fcr sensible, irritierte und stressbedingt zu R\u00f6tungen neigende Haut ist die Maske eine Wohltat. Ihre Haut erholt sich sp\u00fcrbar und beruhigt sich anhaltend.<\/p>\n","protected":false},"excerpt":{"rendered":"<p>Dr. Hauschka Beruhigende Maske bringt Ihre Haut auf sanfte Weise in ihr nat\u00fcrliches Gleichgewicht zur\u00fcck. F\u00fcr sensible, irritierte und stressbedingt zu R\u00f6tungen neigende Haut ist die Maske eine Wohltat. Ihre Haut erholt sich sp\u00fcrbar und beruhigt sich anhaltend.<\/p>\n","protected":false},"featured_media":122902,"template":"","meta":{"_acf_changed":false},"product_brand":[355],"product_cat":[792],"product_tag":[],"class_list":{"0":"post-122900","1":"product","2":"type-product","3":"status-publish","4":"has-post-thumbnail","6":"product_brand-hauschka","7":"product_cat-d","8":"pa_packungsgroesse-5ml","10":"first","11":"instock","12":"shipping-taxable","13":"purchasable","14":"product-type-simple"},"acf":[],"_links":{"self":[{"href":"https:\/\/www.ernstbrunn-apotheke.at\/katalog\/wp-json\/wp\/v2\/product\/122900","targetHints":{"allow":["GET"]}}],"collection":[{"href":"https:\/\/www.ernstbrunn-apotheke.at\/katalog\/wp-json\/wp\/v2\/product"}],"about":[{"href":"https:\/\/www.ernstbrunn-apotheke.at\/katalog\/wp-json\/wp\/v2\/types\/product"}],"wp:featuredmedia":[{"embeddable":true,"href":"https:\/\/www.ernstbrunn-apotheke.at\/katalog\/wp-json\/wp\/v2\/media\/122902"}],"wp:attachment":[{"href":"https:\/\/www.ernstbrunn-apotheke.at\/katalog\/wp-json\/wp\/v2\/media?parent=122900"}],"wp:term":[{"taxonomy":"product_brand","embeddable":true,"href":"https:\/\/www.ernstbrunn-apotheke.at\/katalog\/wp-json\/wp\/v2\/product_brand?post=122900"},{"taxonomy":"product_cat","embeddable":true,"href":"https:\/\/www.ernstbrunn-apotheke.at\/katalog\/wp-json\/wp\/v2\/product_cat?post=122900"},{"taxonomy":"product_tag","embeddable":true,"href":"https:\/\/www.ernstbrunn-apotheke.at\/katalog\/wp-json\/wp\/v2\/product_tag?post=122900"}],"curies":[{"name":"wp","href":"https:\/\/api.w.org\/{rel}","templated":true}]}}