{"id":122884,"date":"2025-11-13T10:53:47","date_gmt":"2025-11-13T09:53:47","guid":{"rendered":"https:\/\/www.ernstbrunn-apotheke.at\/katalog\/produkt\/dr-hauschka-liquid-eyeliner-schwarz-4-ml\/"},"modified":"2025-12-09T09:50:47","modified_gmt":"2025-12-09T08:50:47","slug":"dr-hauschka-liquid-eyeliner-schwarz-4-ml","status":"publish","type":"product","link":"https:\/\/www.ernstbrunn-apotheke.at\/katalog\/produkt\/dr-hauschka-liquid-eyeliner-schwarz-4-ml\/","title":{"rendered":"Dr. Hauschka Liquid Eyeliner schwarz 4 ml"},"content":{"rendered":"<p>Dr. Hauschka Liquid Eyeliner schwarz l\u00e4sst sich ganz einfach auftragen und ist wie gemacht f\u00fcr einen exakten Lidstrich. Sein besonders feiner Pinsel erm\u00f6glicht Ihnen eine zarte Linie entlang des Wimpernkranzes wie auch einen schwungvollen Abschluss am \u00e4u\u00dferen Augenwinkel. Die Heilpflanzenausz\u00fcge, die den Liquid Eyeliner wie die gesamte Dr. Hauschka Naturkosmetik auszeichnen, pflegen die zarte Augenumgebung. Der fl\u00fcssige Eyeliner ist auch f\u00fcr Kontaktlinsentr\u00e4gerinnen gut geeignet.<\/p>\n","protected":false},"excerpt":{"rendered":"<p>Dr. Hauschka Liquid Eyeliner schwarz l\u00e4sst sich ganz einfach auftragen und ist wie gemacht f\u00fcr einen exakten Lidstrich. Sein besonders feiner Pinsel erm\u00f6glicht Ihnen eine zarte Linie entlang des Wimpernkranzes wie auch einen schwungvollen Abschluss am \u00e4u\u00dferen Augenwinkel. Die Heilpflanzenausz\u00fcge, die den Liquid Eyeliner wie die gesamte Dr. Hauschka Naturkosmetik auszeichnen, pflegen die zarte Augenumgebung. [&hellip;]<\/p>\n","protected":false},"featured_media":122886,"template":"","meta":{"_acf_changed":false},"product_brand":[355],"product_cat":[792],"product_tag":[],"class_list":{"0":"post-122884","1":"product","2":"type-product","3":"status-publish","4":"has-post-thumbnail","6":"product_brand-hauschka","7":"product_cat-d","8":"pa_packungsgroesse-4ml","10":"first","11":"instock","12":"shipping-taxable","13":"purchasable","14":"product-type-simple"},"acf":[],"_links":{"self":[{"href":"https:\/\/www.ernstbrunn-apotheke.at\/katalog\/wp-json\/wp\/v2\/product\/122884","targetHints":{"allow":["GET"]}}],"collection":[{"href":"https:\/\/www.ernstbrunn-apotheke.at\/katalog\/wp-json\/wp\/v2\/product"}],"about":[{"href":"https:\/\/www.ernstbrunn-apotheke.at\/katalog\/wp-json\/wp\/v2\/types\/product"}],"wp:featuredmedia":[{"embeddable":true,"href":"https:\/\/www.ernstbrunn-apotheke.at\/katalog\/wp-json\/wp\/v2\/media\/122886"}],"wp:attachment":[{"href":"https:\/\/www.ernstbrunn-apotheke.at\/katalog\/wp-json\/wp\/v2\/media?parent=122884"}],"wp:term":[{"taxonomy":"product_brand","embeddable":true,"href":"https:\/\/www.ernstbrunn-apotheke.at\/katalog\/wp-json\/wp\/v2\/product_brand?post=122884"},{"taxonomy":"product_cat","embeddable":true,"href":"https:\/\/www.ernstbrunn-apotheke.at\/katalog\/wp-json\/wp\/v2\/product_cat?post=122884"},{"taxonomy":"product_tag","embeddable":true,"href":"https:\/\/www.ernstbrunn-apotheke.at\/katalog\/wp-json\/wp\/v2\/product_tag?post=122884"}],"curies":[{"name":"wp","href":"https:\/\/api.w.org\/{rel}","templated":true}]}}