{"id":122857,"date":"2025-11-13T10:52:59","date_gmt":"2025-11-13T09:52:59","guid":{"rendered":"https:\/\/www.ernstbrunn-apotheke.at\/katalog\/produkt\/dr-hauschka-concealer-25-g-01-macadamia\/"},"modified":"2025-12-09T09:50:43","modified_gmt":"2025-12-09T08:50:43","slug":"dr-hauschka-concealer-25-g-01-macadamia","status":"publish","type":"product","link":"https:\/\/www.ernstbrunn-apotheke.at\/katalog\/produkt\/dr-hauschka-concealer-25-g-01-macadamia\/","title":{"rendered":"Dr. Hauschka Concealer 2,5 g 01 Macadamia"},"content":{"rendered":"<p>Dr. Hauschka Concealer kaschiert durch erh\u00f6hte Deckkraft Unregelm\u00e4\u00dfigkeiten zuverl\u00e4ssig. Die Rezeptur verbindet Mineralpigmente mit Heilpflanzenausz\u00fcgen. Der Concealer hinterl\u00e4sst ein angenehmes Hautgef\u00fchl.<\/p>\n","protected":false},"excerpt":{"rendered":"<p>Dr. Hauschka Concealer kaschiert durch erh\u00f6hte Deckkraft Unregelm\u00e4\u00dfigkeiten zuverl\u00e4ssig. Die Rezeptur verbindet Mineralpigmente mit Heilpflanzenausz\u00fcgen. Der Concealer hinterl\u00e4sst ein angenehmes Hautgef\u00fchl.<\/p>\n","protected":false},"featured_media":122859,"template":"","meta":{"_acf_changed":false},"product_brand":[355],"product_cat":[792],"product_tag":[],"class_list":{"0":"post-122857","1":"product","2":"type-product","3":"status-publish","4":"has-post-thumbnail","6":"product_brand-hauschka","7":"product_cat-d","8":"pa_packungsgroesse-1-stueck","10":"first","11":"instock","12":"shipping-taxable","13":"purchasable","14":"product-type-simple"},"acf":[],"_links":{"self":[{"href":"https:\/\/www.ernstbrunn-apotheke.at\/katalog\/wp-json\/wp\/v2\/product\/122857","targetHints":{"allow":["GET"]}}],"collection":[{"href":"https:\/\/www.ernstbrunn-apotheke.at\/katalog\/wp-json\/wp\/v2\/product"}],"about":[{"href":"https:\/\/www.ernstbrunn-apotheke.at\/katalog\/wp-json\/wp\/v2\/types\/product"}],"wp:featuredmedia":[{"embeddable":true,"href":"https:\/\/www.ernstbrunn-apotheke.at\/katalog\/wp-json\/wp\/v2\/media\/122859"}],"wp:attachment":[{"href":"https:\/\/www.ernstbrunn-apotheke.at\/katalog\/wp-json\/wp\/v2\/media?parent=122857"}],"wp:term":[{"taxonomy":"product_brand","embeddable":true,"href":"https:\/\/www.ernstbrunn-apotheke.at\/katalog\/wp-json\/wp\/v2\/product_brand?post=122857"},{"taxonomy":"product_cat","embeddable":true,"href":"https:\/\/www.ernstbrunn-apotheke.at\/katalog\/wp-json\/wp\/v2\/product_cat?post=122857"},{"taxonomy":"product_tag","embeddable":true,"href":"https:\/\/www.ernstbrunn-apotheke.at\/katalog\/wp-json\/wp\/v2\/product_tag?post=122857"}],"curies":[{"name":"wp","href":"https:\/\/api.w.org\/{rel}","templated":true}]}}