{"id":122721,"date":"2025-11-13T10:49:54","date_gmt":"2025-11-13T09:49:54","guid":{"rendered":"https:\/\/www.ernstbrunn-apotheke.at\/katalog\/produkt\/hafesan-schlankmacherpaket-4-pkg\/"},"modified":"2025-12-09T09:50:27","modified_gmt":"2025-12-09T08:50:27","slug":"hafesan-schlankmacherpaket-4-pkg","status":"publish","type":"product","link":"https:\/\/www.ernstbrunn-apotheke.at\/katalog\/produkt\/hafesan-schlankmacherpaket-4-pkg\/","title":{"rendered":"Hafesan Schlankmacherpaket 4 Pkg."},"content":{"rendered":"<p>Das Hafesan\u00ae Schlankmacherpaket kann unterst\u00fctzend zum Abnehmen eingesetzt werden. Die verschiedenen Kapseln entschlacken den K\u00f6rper, regen die Verdauung an und k\u00f6nnen die Aufnahme von Kohlenhydraten mindern.<\/p>\n","protected":false},"excerpt":{"rendered":"<p>Das Hafesan\u00ae Schlankmacherpaket kann unterst\u00fctzend zum Abnehmen eingesetzt werden. Die verschiedenen Kapseln entschlacken den K\u00f6rper, regen die Verdauung an und k\u00f6nnen die Aufnahme von Kohlenhydraten mindern.<\/p>\n","protected":false},"featured_media":122723,"template":"","meta":{"_acf_changed":false},"product_brand":[],"product_cat":[805],"product_tag":[],"class_list":{"0":"post-122721","1":"product","2":"type-product","3":"status-publish","4":"has-post-thumbnail","6":"product_cat-h","7":"pa_packungsgroesse-4-stueck","9":"first","10":"instock","11":"shipping-taxable","12":"purchasable","13":"product-type-simple"},"acf":[],"_links":{"self":[{"href":"https:\/\/www.ernstbrunn-apotheke.at\/katalog\/wp-json\/wp\/v2\/product\/122721","targetHints":{"allow":["GET"]}}],"collection":[{"href":"https:\/\/www.ernstbrunn-apotheke.at\/katalog\/wp-json\/wp\/v2\/product"}],"about":[{"href":"https:\/\/www.ernstbrunn-apotheke.at\/katalog\/wp-json\/wp\/v2\/types\/product"}],"wp:featuredmedia":[{"embeddable":true,"href":"https:\/\/www.ernstbrunn-apotheke.at\/katalog\/wp-json\/wp\/v2\/media\/122723"}],"wp:attachment":[{"href":"https:\/\/www.ernstbrunn-apotheke.at\/katalog\/wp-json\/wp\/v2\/media?parent=122721"}],"wp:term":[{"taxonomy":"product_brand","embeddable":true,"href":"https:\/\/www.ernstbrunn-apotheke.at\/katalog\/wp-json\/wp\/v2\/product_brand?post=122721"},{"taxonomy":"product_cat","embeddable":true,"href":"https:\/\/www.ernstbrunn-apotheke.at\/katalog\/wp-json\/wp\/v2\/product_cat?post=122721"},{"taxonomy":"product_tag","embeddable":true,"href":"https:\/\/www.ernstbrunn-apotheke.at\/katalog\/wp-json\/wp\/v2\/product_tag?post=122721"}],"curies":[{"name":"wp","href":"https:\/\/api.w.org\/{rel}","templated":true}]}}