{"id":122699,"date":"2025-11-13T10:49:20","date_gmt":"2025-11-13T09:49:20","guid":{"rendered":"https:\/\/www.ernstbrunn-apotheke.at\/katalog\/produkt\/gynialactiv-feuchtcreme-25-g\/"},"modified":"2025-12-09T09:50:24","modified_gmt":"2025-12-09T08:50:24","slug":"gynialactiv-feuchtcreme-25-g","status":"publish","type":"product","link":"https:\/\/www.ernstbrunn-apotheke.at\/katalog\/produkt\/gynialactiv-feuchtcreme-25-g\/","title":{"rendered":"GynialActiv Feuchtcreme 25 g"},"content":{"rendered":"<p>GynialActiv Feuchtcreme ist eine hormonfreie Feuchtcreme zur Behandlung von Scheidentrockenheit. Es ist zur Anwendung in der Scheide und im \u00e4u\u00dferen Intimbereich geeignet und enth\u00e4lt Milchs\u00e4ure, um den nat\u00fcrlichen pH-Wert in der Scheide zu erhalten. Die regelm\u00e4\u00dfige Anwendung kann dazu beitragen, Reizungen und Entz\u00fcndungen in der Scheide und im \u00e4u\u00dferen Intimbereich vorzubeugen und somit die Scheidengesundheit zu f\u00f6rdern. Kann auch w\u00e4hrend der Schwangerschaft, Stillzeit und Menstruation angewendet werden.<\/p>\n","protected":false},"excerpt":{"rendered":"<p>GynialActiv Feuchtcreme ist eine hormonfreie Feuchtcreme zur Behandlung von Scheidentrockenheit. Es ist zur Anwendung in der Scheide und im \u00e4u\u00dferen Intimbereich geeignet und enth\u00e4lt Milchs\u00e4ure, um den nat\u00fcrlichen pH-Wert in der Scheide zu erhalten. Die regelm\u00e4\u00dfige Anwendung kann dazu beitragen, Reizungen und Entz\u00fcndungen in der Scheide und im \u00e4u\u00dferen Intimbereich vorzubeugen und somit die Scheidengesundheit [&hellip;]<\/p>\n","protected":false},"featured_media":122701,"template":"","meta":{"_acf_changed":false},"product_brand":[],"product_cat":[810],"product_tag":[],"class_list":{"0":"post-122699","1":"product","2":"type-product","3":"status-publish","4":"has-post-thumbnail","6":"product_cat-g","7":"pa_packungsgroesse-25g","9":"first","10":"instock","11":"shipping-taxable","12":"purchasable","13":"product-type-simple"},"acf":[],"_links":{"self":[{"href":"https:\/\/www.ernstbrunn-apotheke.at\/katalog\/wp-json\/wp\/v2\/product\/122699","targetHints":{"allow":["GET"]}}],"collection":[{"href":"https:\/\/www.ernstbrunn-apotheke.at\/katalog\/wp-json\/wp\/v2\/product"}],"about":[{"href":"https:\/\/www.ernstbrunn-apotheke.at\/katalog\/wp-json\/wp\/v2\/types\/product"}],"wp:featuredmedia":[{"embeddable":true,"href":"https:\/\/www.ernstbrunn-apotheke.at\/katalog\/wp-json\/wp\/v2\/media\/122701"}],"wp:attachment":[{"href":"https:\/\/www.ernstbrunn-apotheke.at\/katalog\/wp-json\/wp\/v2\/media?parent=122699"}],"wp:term":[{"taxonomy":"product_brand","embeddable":true,"href":"https:\/\/www.ernstbrunn-apotheke.at\/katalog\/wp-json\/wp\/v2\/product_brand?post=122699"},{"taxonomy":"product_cat","embeddable":true,"href":"https:\/\/www.ernstbrunn-apotheke.at\/katalog\/wp-json\/wp\/v2\/product_cat?post=122699"},{"taxonomy":"product_tag","embeddable":true,"href":"https:\/\/www.ernstbrunn-apotheke.at\/katalog\/wp-json\/wp\/v2\/product_tag?post=122699"}],"curies":[{"name":"wp","href":"https:\/\/api.w.org\/{rel}","templated":true}]}}