{"id":122658,"date":"2025-11-13T10:47:45","date_gmt":"2025-11-13T09:47:45","guid":{"rendered":"https:\/\/www.ernstbrunn-apotheke.at\/katalog\/produkt\/bioflora-lab-griffonia-kapseln-60-stk\/"},"modified":"2025-12-09T09:50:20","modified_gmt":"2025-12-09T08:50:20","slug":"bioflora-lab-griffonia-kapseln-60-stk","status":"publish","type":"product","link":"https:\/\/www.ernstbrunn-apotheke.at\/katalog\/produkt\/bioflora-lab-griffonia-kapseln-60-stk\/","title":{"rendered":"Bioflora LAB Griffonia Kapseln 60 Stk."},"content":{"rendered":"<p>Ehrmed Bioflora Griffonia Kapseln unterst\u00fctzen das nat\u00fcrliche gesunde Gleichgewicht von Botenstoffen, die f\u00fcr Stimmung und innere Ruhe verantwortlich sind. Die Kapseln wirken auch unterst\u00fctzend bei Liebeskummer und Trennungsschmerz. Der nat\u00fcrliche Stimmungsaufheller.<\/p>\n","protected":false},"excerpt":{"rendered":"<p>Ehrmed Bioflora Griffonia Kapseln unterst\u00fctzen das nat\u00fcrliche gesunde Gleichgewicht von Botenstoffen, die f\u00fcr Stimmung und innere Ruhe verantwortlich sind. Die Kapseln wirken auch unterst\u00fctzend bei Liebeskummer und Trennungsschmerz. Der nat\u00fcrliche Stimmungsaufheller.<\/p>\n","protected":false},"featured_media":122660,"template":"","meta":{"_acf_changed":false},"product_brand":[434],"product_cat":[802],"product_tag":[],"class_list":{"0":"post-122658","1":"product","2":"type-product","3":"status-publish","4":"has-post-thumbnail","6":"product_brand-bioflora-lab","7":"product_cat-b","8":"pa_packungsgroesse-60-stueck","10":"first","11":"instock","12":"shipping-taxable","13":"purchasable","14":"product-type-simple"},"acf":[],"_links":{"self":[{"href":"https:\/\/www.ernstbrunn-apotheke.at\/katalog\/wp-json\/wp\/v2\/product\/122658","targetHints":{"allow":["GET"]}}],"collection":[{"href":"https:\/\/www.ernstbrunn-apotheke.at\/katalog\/wp-json\/wp\/v2\/product"}],"about":[{"href":"https:\/\/www.ernstbrunn-apotheke.at\/katalog\/wp-json\/wp\/v2\/types\/product"}],"wp:featuredmedia":[{"embeddable":true,"href":"https:\/\/www.ernstbrunn-apotheke.at\/katalog\/wp-json\/wp\/v2\/media\/122660"}],"wp:attachment":[{"href":"https:\/\/www.ernstbrunn-apotheke.at\/katalog\/wp-json\/wp\/v2\/media?parent=122658"}],"wp:term":[{"taxonomy":"product_brand","embeddable":true,"href":"https:\/\/www.ernstbrunn-apotheke.at\/katalog\/wp-json\/wp\/v2\/product_brand?post=122658"},{"taxonomy":"product_cat","embeddable":true,"href":"https:\/\/www.ernstbrunn-apotheke.at\/katalog\/wp-json\/wp\/v2\/product_cat?post=122658"},{"taxonomy":"product_tag","embeddable":true,"href":"https:\/\/www.ernstbrunn-apotheke.at\/katalog\/wp-json\/wp\/v2\/product_tag?post=122658"}],"curies":[{"name":"wp","href":"https:\/\/api.w.org\/{rel}","templated":true}]}}