{"id":122636,"date":"2025-11-13T10:47:21","date_gmt":"2025-11-13T09:47:21","guid":{"rendered":"https:\/\/www.ernstbrunn-apotheke.at\/katalog\/produkt\/gall-pharma-granatapfel-extrakt-kapseln-360-stk\/"},"modified":"2025-12-09T09:50:17","modified_gmt":"2025-12-09T08:50:17","slug":"gall-pharma-granatapfel-extrakt-kapseln-360-stk","status":"publish","type":"product","link":"https:\/\/www.ernstbrunn-apotheke.at\/katalog\/produkt\/gall-pharma-granatapfel-extrakt-kapseln-360-stk\/","title":{"rendered":"Gall Pharma Granatapfel Extrakt Kapseln 360 Stk."},"content":{"rendered":"<p>Gall Pharma Granatapfel Extrakt Kapseln 360 Stk. enthalten 50 % Polyphenole. Diese k\u00f6nnen gesundheitsf\u00f6rdernd sein, da sie in der Lage sind, sogenannte freie Radikale abzufangen und unsch\u00e4dlich zu machen. Sie haben zellsch\u00fctzende Eigenschaften, die besonders f\u00fcr \u00e4ltere oder stressgeplagte Menschen von Interesse sein k\u00f6nnen. Weiters sch\u00fctzen sie die Prostata und reduzieren den PSA Wert, unterst\u00fctzen auf nat\u00fcrliche Weise einen gesunden Blutdruck, steigern die Durchblutung der Geschlechtsorgane bei Mann und Frau, haben eine entz\u00fcndungshemmende Wirkung in den K\u00f6rperzellen und wirken der Alterung entgegen und lassen dabei die Haut jung aussehen \u2013 Spitzenprodukte von Gall Pharma mit hohem Rabatt bestellen!<\/p>\n","protected":false},"excerpt":{"rendered":"<p>Gall Pharma Granatapfel Extrakt Kapseln 360 Stk. enthalten 50 % Polyphenole. Diese k\u00f6nnen gesundheitsf\u00f6rdernd sein, da sie in der Lage sind, sogenannte freie Radikale abzufangen und unsch\u00e4dlich zu machen. Sie haben zellsch\u00fctzende Eigenschaften, die besonders f\u00fcr \u00e4ltere oder stressgeplagte Menschen von Interesse sein k\u00f6nnen. Weiters sch\u00fctzen sie die Prostata und reduzieren den PSA Wert, unterst\u00fctzen [&hellip;]<\/p>\n","protected":false},"featured_media":122638,"template":"","meta":{"_acf_changed":false},"product_brand":[371],"product_cat":[810],"product_tag":[],"class_list":{"0":"post-122636","1":"product","2":"type-product","3":"status-publish","4":"has-post-thumbnail","6":"product_brand-gall-pharma","7":"product_cat-g","8":"pa_packungsgroesse-360-stueck","10":"first","11":"instock","12":"shipping-taxable","13":"purchasable","14":"product-type-simple"},"acf":[],"_links":{"self":[{"href":"https:\/\/www.ernstbrunn-apotheke.at\/katalog\/wp-json\/wp\/v2\/product\/122636","targetHints":{"allow":["GET"]}}],"collection":[{"href":"https:\/\/www.ernstbrunn-apotheke.at\/katalog\/wp-json\/wp\/v2\/product"}],"about":[{"href":"https:\/\/www.ernstbrunn-apotheke.at\/katalog\/wp-json\/wp\/v2\/types\/product"}],"wp:featuredmedia":[{"embeddable":true,"href":"https:\/\/www.ernstbrunn-apotheke.at\/katalog\/wp-json\/wp\/v2\/media\/122638"}],"wp:attachment":[{"href":"https:\/\/www.ernstbrunn-apotheke.at\/katalog\/wp-json\/wp\/v2\/media?parent=122636"}],"wp:term":[{"taxonomy":"product_brand","embeddable":true,"href":"https:\/\/www.ernstbrunn-apotheke.at\/katalog\/wp-json\/wp\/v2\/product_brand?post=122636"},{"taxonomy":"product_cat","embeddable":true,"href":"https:\/\/www.ernstbrunn-apotheke.at\/katalog\/wp-json\/wp\/v2\/product_cat?post=122636"},{"taxonomy":"product_tag","embeddable":true,"href":"https:\/\/www.ernstbrunn-apotheke.at\/katalog\/wp-json\/wp\/v2\/product_tag?post=122636"}],"curies":[{"name":"wp","href":"https:\/\/api.w.org\/{rel}","templated":true}]}}