{"id":122626,"date":"2025-11-13T10:47:21","date_gmt":"2025-11-13T09:47:21","guid":{"rendered":"https:\/\/www.ernstbrunn-apotheke.at\/katalog\/produkt\/bios-goji-beeren-500-mg-kapseln\/"},"modified":"2025-12-09T09:50:16","modified_gmt":"2025-12-09T08:50:16","slug":"bios-goji-beeren-500-mg-kapseln","status":"publish","type":"product","link":"https:\/\/www.ernstbrunn-apotheke.at\/katalog\/produkt\/bios-goji-beeren-500-mg-kapseln\/","title":{"rendered":"Bios Goji Beeren 500 mg Kapseln"},"content":{"rendered":"<p>Bios Goji Beeren 500 mg Kapseln enthalten 500 mg eines Goji-Beeren Trockenextraktes in einer Hartgelatinekapsel. Die Chinesische Wolfsbeere, auch als Goji Beere bekannt, wird als Zierpflanze verwendet und ist Bestandteil der chinesischen K\u00fcche. In den Fr\u00fcchten finden sich Vitamin-C-Vorl\u00e4ufer, Vitamin A, Vitamin B1, B2, Zeaxanthin, Beta-Sitosterol, Polysaccharide, Aminos\u00e4uren und Peptide.<\/p>\n","protected":false},"excerpt":{"rendered":"<p>Bios Goji Beeren 500 mg Kapseln enthalten 500 mg eines Goji-Beeren Trockenextraktes in einer Hartgelatinekapsel. Die Chinesische Wolfsbeere, auch als Goji Beere bekannt, wird als Zierpflanze verwendet und ist Bestandteil der chinesischen K\u00fcche. In den Fr\u00fcchten finden sich Vitamin-C-Vorl\u00e4ufer, Vitamin A, Vitamin B1, B2, Zeaxanthin, Beta-Sitosterol, Polysaccharide, Aminos\u00e4uren und Peptide.<\/p>\n","protected":false},"featured_media":122628,"template":"","meta":{"_acf_changed":false},"product_brand":[],"product_cat":[802],"product_tag":[],"class_list":{"0":"post-122626","1":"product","2":"type-product","3":"status-publish","4":"has-post-thumbnail","6":"product_cat-b","7":"pa_packungsgroesse-100-stueck","9":"first","10":"instock","11":"shipping-taxable","12":"purchasable","13":"product-type-simple"},"acf":[],"_links":{"self":[{"href":"https:\/\/www.ernstbrunn-apotheke.at\/katalog\/wp-json\/wp\/v2\/product\/122626","targetHints":{"allow":["GET"]}}],"collection":[{"href":"https:\/\/www.ernstbrunn-apotheke.at\/katalog\/wp-json\/wp\/v2\/product"}],"about":[{"href":"https:\/\/www.ernstbrunn-apotheke.at\/katalog\/wp-json\/wp\/v2\/types\/product"}],"wp:featuredmedia":[{"embeddable":true,"href":"https:\/\/www.ernstbrunn-apotheke.at\/katalog\/wp-json\/wp\/v2\/media\/122628"}],"wp:attachment":[{"href":"https:\/\/www.ernstbrunn-apotheke.at\/katalog\/wp-json\/wp\/v2\/media?parent=122626"}],"wp:term":[{"taxonomy":"product_brand","embeddable":true,"href":"https:\/\/www.ernstbrunn-apotheke.at\/katalog\/wp-json\/wp\/v2\/product_brand?post=122626"},{"taxonomy":"product_cat","embeddable":true,"href":"https:\/\/www.ernstbrunn-apotheke.at\/katalog\/wp-json\/wp\/v2\/product_cat?post=122626"},{"taxonomy":"product_tag","embeddable":true,"href":"https:\/\/www.ernstbrunn-apotheke.at\/katalog\/wp-json\/wp\/v2\/product_tag?post=122626"}],"curies":[{"name":"wp","href":"https:\/\/api.w.org\/{rel}","templated":true}]}}