{"id":122616,"date":"2025-11-13T10:46:36","date_gmt":"2025-11-13T09:46:36","guid":{"rendered":"https:\/\/www.ernstbrunn-apotheke.at\/katalog\/produkt\/glycowohl-extra-kapseln-90-stk\/"},"modified":"2025-12-09T09:50:16","modified_gmt":"2025-12-09T08:50:16","slug":"glycowohl-extra-kapseln-90-stk","status":"publish","type":"product","link":"https:\/\/www.ernstbrunn-apotheke.at\/katalog\/produkt\/glycowohl-extra-kapseln-90-stk\/","title":{"rendered":"Glycowohl extra Kapseln 90 Stk."},"content":{"rendered":"<p>Glycowohl extra Kapseln ist ein hochdosiertes Nahrungserg\u00e4nzungsmittel mit wichtigen Mikron\u00e4hrstoffen und wertvollen Pflanzenextrakten, f\u00fcr alle die auf Ihren Blutzucker achten.<\/p>\n","protected":false},"excerpt":{"rendered":"<p>Glycowohl extra Kapseln ist ein hochdosiertes Nahrungserg\u00e4nzungsmittel mit wichtigen Mikron\u00e4hrstoffen und wertvollen Pflanzenextrakten, f\u00fcr alle die auf Ihren Blutzucker achten.<\/p>\n","protected":false},"featured_media":122618,"template":"","meta":{"_acf_changed":false},"product_brand":[],"product_cat":[810],"product_tag":[],"class_list":{"0":"post-122616","1":"product","2":"type-product","3":"status-publish","4":"has-post-thumbnail","6":"product_cat-g","7":"pa_packungsgroesse-90-stueck","9":"first","10":"instock","11":"shipping-taxable","12":"purchasable","13":"product-type-simple"},"acf":[],"_links":{"self":[{"href":"https:\/\/www.ernstbrunn-apotheke.at\/katalog\/wp-json\/wp\/v2\/product\/122616","targetHints":{"allow":["GET"]}}],"collection":[{"href":"https:\/\/www.ernstbrunn-apotheke.at\/katalog\/wp-json\/wp\/v2\/product"}],"about":[{"href":"https:\/\/www.ernstbrunn-apotheke.at\/katalog\/wp-json\/wp\/v2\/types\/product"}],"wp:featuredmedia":[{"embeddable":true,"href":"https:\/\/www.ernstbrunn-apotheke.at\/katalog\/wp-json\/wp\/v2\/media\/122618"}],"wp:attachment":[{"href":"https:\/\/www.ernstbrunn-apotheke.at\/katalog\/wp-json\/wp\/v2\/media?parent=122616"}],"wp:term":[{"taxonomy":"product_brand","embeddable":true,"href":"https:\/\/www.ernstbrunn-apotheke.at\/katalog\/wp-json\/wp\/v2\/product_brand?post=122616"},{"taxonomy":"product_cat","embeddable":true,"href":"https:\/\/www.ernstbrunn-apotheke.at\/katalog\/wp-json\/wp\/v2\/product_cat?post=122616"},{"taxonomy":"product_tag","embeddable":true,"href":"https:\/\/www.ernstbrunn-apotheke.at\/katalog\/wp-json\/wp\/v2\/product_tag?post=122616"}],"curies":[{"name":"wp","href":"https:\/\/api.w.org\/{rel}","templated":true}]}}