{"id":122590,"date":"2025-11-13T10:45:56","date_gmt":"2025-11-13T09:45:56","guid":{"rendered":"https:\/\/www.ernstbrunn-apotheke.at\/katalog\/produkt\/avitale-glucosamine-chondroitin-500-mg-kapseln-90-stk\/"},"modified":"2025-12-09T09:50:13","modified_gmt":"2025-12-09T08:50:13","slug":"avitale-glucosamine-chondroitin-500-mg-kapseln-90-stk","status":"publish","type":"product","link":"https:\/\/www.ernstbrunn-apotheke.at\/katalog\/produkt\/avitale-glucosamine-chondroitin-500-mg-kapseln-90-stk\/","title":{"rendered":"Avitale Glucosamine + Chondroitin 500 mg Kapseln 90 Stk."},"content":{"rendered":"<p>Avitale Glucosamine + Chondroitin 500 mg Kapseln sind ein Nahrungserg\u00e4nzungsmittel, welches wichtige Baustoffe f\u00fcr Knorpel, Sehnen, B\u00e4nder und Gelenke liefert. Die Kapseln enthalten Glucosaminsulfat aus Garnelen und Chondroitinsulfat aus Rinderknorpel.<\/p>\n","protected":false},"excerpt":{"rendered":"<p>Avitale Glucosamine + Chondroitin 500 mg Kapseln sind ein Nahrungserg\u00e4nzungsmittel, welches wichtige Baustoffe f\u00fcr Knorpel, Sehnen, B\u00e4nder und Gelenke liefert. Die Kapseln enthalten Glucosaminsulfat aus Garnelen und Chondroitinsulfat aus Rinderknorpel.<\/p>\n","protected":false},"featured_media":122592,"template":"","meta":{"_acf_changed":false},"product_brand":[816],"product_cat":[801],"product_tag":[],"class_list":{"0":"post-122590","1":"product","2":"type-product","3":"status-publish","4":"has-post-thumbnail","6":"product_brand-avitale","7":"product_cat-a","8":"pa_packungsgroesse-90-stueck","10":"first","11":"instock","12":"shipping-taxable","13":"purchasable","14":"product-type-simple"},"acf":[],"_links":{"self":[{"href":"https:\/\/www.ernstbrunn-apotheke.at\/katalog\/wp-json\/wp\/v2\/product\/122590","targetHints":{"allow":["GET"]}}],"collection":[{"href":"https:\/\/www.ernstbrunn-apotheke.at\/katalog\/wp-json\/wp\/v2\/product"}],"about":[{"href":"https:\/\/www.ernstbrunn-apotheke.at\/katalog\/wp-json\/wp\/v2\/types\/product"}],"wp:featuredmedia":[{"embeddable":true,"href":"https:\/\/www.ernstbrunn-apotheke.at\/katalog\/wp-json\/wp\/v2\/media\/122592"}],"wp:attachment":[{"href":"https:\/\/www.ernstbrunn-apotheke.at\/katalog\/wp-json\/wp\/v2\/media?parent=122590"}],"wp:term":[{"taxonomy":"product_brand","embeddable":true,"href":"https:\/\/www.ernstbrunn-apotheke.at\/katalog\/wp-json\/wp\/v2\/product_brand?post=122590"},{"taxonomy":"product_cat","embeddable":true,"href":"https:\/\/www.ernstbrunn-apotheke.at\/katalog\/wp-json\/wp\/v2\/product_cat?post=122590"},{"taxonomy":"product_tag","embeddable":true,"href":"https:\/\/www.ernstbrunn-apotheke.at\/katalog\/wp-json\/wp\/v2\/product_tag?post=122590"}],"curies":[{"name":"wp","href":"https:\/\/api.w.org\/{rel}","templated":true}]}}