{"id":122386,"date":"2025-11-13T10:41:13","date_gmt":"2025-11-13T09:41:13","guid":{"rendered":"https:\/\/www.ernstbrunn-apotheke.at\/katalog\/produkt\/frei-oel-hydrolipid-fusscreme-75-ml\/"},"modified":"2025-12-09T09:49:39","modified_gmt":"2025-12-09T08:49:39","slug":"frei-oel-hydrolipid-fusscreme-75-ml","status":"publish","type":"product","link":"https:\/\/www.ernstbrunn-apotheke.at\/katalog\/produkt\/frei-oel-hydrolipid-fusscreme-75-ml\/","title":{"rendered":"Frei \u00d6l Hydrolipid Fu\u00dfcreme 75 ml"},"content":{"rendered":"<p>Spendet Feuchtigkeit und regeneriert die Hautschutzbarriere. Hautvertr\u00e4glichkeit bei atopischer Haut (Neurodermitis) und Diabetes dermatologisch best\u00e4tigt. Beseitigt Risse und Schrunden und reduziert Hornhaut sp\u00fcrbar. Der hochwirksame 20% Skin-Repair-Komplex wirkt zweifach: mit hochdosiertem Urea und Glycerin spendet die Fu\u00dfCreme 24 Stunden Feuchtigkeit, w\u00e4hrend Panthenol, Ceramide und Vitamin B3 die Hautschutzbarriere regenerieren. So wird die Feuchtigkeit langfristig gebunden und der Zustand trockener Haut nachhaltig verbessert. Selbst extrem trockene F\u00fc\u00dfe f\u00fchlen sich wieder geschmeidig und sp\u00fcrbar glatter an.<\/p>\n","protected":false},"excerpt":{"rendered":"<p>Spendet Feuchtigkeit und regeneriert die Hautschutzbarriere. Hautvertr\u00e4glichkeit bei atopischer Haut (Neurodermitis) und Diabetes dermatologisch best\u00e4tigt. Beseitigt Risse und Schrunden und reduziert Hornhaut sp\u00fcrbar. Der hochwirksame 20% Skin-Repair-Komplex wirkt zweifach: mit hochdosiertem Urea und Glycerin spendet die Fu\u00dfCreme 24 Stunden Feuchtigkeit, w\u00e4hrend Panthenol, Ceramide und Vitamin B3 die Hautschutzbarriere regenerieren. So wird die Feuchtigkeit langfristig gebunden [&hellip;]<\/p>\n","protected":false},"featured_media":0,"template":"","meta":{"_acf_changed":false},"product_brand":[720],"product_cat":[809],"product_tag":[],"class_list":{"0":"post-122386","1":"product","2":"type-product","3":"status-publish","5":"product_brand-frei","6":"product_cat-f","7":"pa_packungsgroesse-75ml","9":"first","10":"instock","11":"shipping-taxable","12":"purchasable","13":"product-type-simple"},"acf":[],"_links":{"self":[{"href":"https:\/\/www.ernstbrunn-apotheke.at\/katalog\/wp-json\/wp\/v2\/product\/122386","targetHints":{"allow":["GET"]}}],"collection":[{"href":"https:\/\/www.ernstbrunn-apotheke.at\/katalog\/wp-json\/wp\/v2\/product"}],"about":[{"href":"https:\/\/www.ernstbrunn-apotheke.at\/katalog\/wp-json\/wp\/v2\/types\/product"}],"wp:attachment":[{"href":"https:\/\/www.ernstbrunn-apotheke.at\/katalog\/wp-json\/wp\/v2\/media?parent=122386"}],"wp:term":[{"taxonomy":"product_brand","embeddable":true,"href":"https:\/\/www.ernstbrunn-apotheke.at\/katalog\/wp-json\/wp\/v2\/product_brand?post=122386"},{"taxonomy":"product_cat","embeddable":true,"href":"https:\/\/www.ernstbrunn-apotheke.at\/katalog\/wp-json\/wp\/v2\/product_cat?post=122386"},{"taxonomy":"product_tag","embeddable":true,"href":"https:\/\/www.ernstbrunn-apotheke.at\/katalog\/wp-json\/wp\/v2\/product_tag?post=122386"}],"curies":[{"name":"wp","href":"https:\/\/api.w.org\/{rel}","templated":true}]}}