{"id":122356,"date":"2025-11-13T10:41:04","date_gmt":"2025-11-13T09:41:04","guid":{"rendered":"https:\/\/www.ernstbrunn-apotheke.at\/katalog\/produkt\/bad-ischler-franzbranntwein-500-ml\/"},"modified":"2025-12-09T09:49:34","modified_gmt":"2025-12-09T08:49:34","slug":"bad-ischler-franzbranntwein-500-ml","status":"publish","type":"product","link":"https:\/\/www.ernstbrunn-apotheke.at\/katalog\/produkt\/bad-ischler-franzbranntwein-500-ml\/","title":{"rendered":"Bad Ischler Franzbranntwein 500 ml"},"content":{"rendered":"<p>Bad Ischler Franzbranntwein ist ein vielfach bew\u00e4hrtes Hausmittel, welches die Muskeln mit den Wirkstoffen der Natur belebt und erfrischt. Bei k\u00f6rperlicher Anstrengung und Erm\u00fcdung sowie nach Bad, Dusche oder Sauna sp\u00fcren Sie sofort die erfrischende Wirkung. Kr\u00e4uterextrakte entspannen und pflegen die Haut. Hinterl\u00e4sst einen anhaltenden, angenehmen Geruch.<\/p>\n","protected":false},"excerpt":{"rendered":"<p>Bad Ischler Franzbranntwein ist ein vielfach bew\u00e4hrtes Hausmittel, welches die Muskeln mit den Wirkstoffen der Natur belebt und erfrischt. Bei k\u00f6rperlicher Anstrengung und Erm\u00fcdung sowie nach Bad, Dusche oder Sauna sp\u00fcren Sie sofort die erfrischende Wirkung. Kr\u00e4uterextrakte entspannen und pflegen die Haut. Hinterl\u00e4sst einen anhaltenden, angenehmen Geruch.<\/p>\n","protected":false},"featured_media":0,"template":"","meta":{"_acf_changed":false},"product_brand":[],"product_cat":[802],"product_tag":[],"class_list":{"0":"post-122356","1":"product","2":"type-product","3":"status-publish","5":"product_cat-b","6":"pa_packungsgroesse-500ml","8":"first","9":"instock","10":"shipping-taxable","11":"purchasable","12":"product-type-simple"},"acf":[],"_links":{"self":[{"href":"https:\/\/www.ernstbrunn-apotheke.at\/katalog\/wp-json\/wp\/v2\/product\/122356","targetHints":{"allow":["GET"]}}],"collection":[{"href":"https:\/\/www.ernstbrunn-apotheke.at\/katalog\/wp-json\/wp\/v2\/product"}],"about":[{"href":"https:\/\/www.ernstbrunn-apotheke.at\/katalog\/wp-json\/wp\/v2\/types\/product"}],"wp:attachment":[{"href":"https:\/\/www.ernstbrunn-apotheke.at\/katalog\/wp-json\/wp\/v2\/media?parent=122356"}],"wp:term":[{"taxonomy":"product_brand","embeddable":true,"href":"https:\/\/www.ernstbrunn-apotheke.at\/katalog\/wp-json\/wp\/v2\/product_brand?post=122356"},{"taxonomy":"product_cat","embeddable":true,"href":"https:\/\/www.ernstbrunn-apotheke.at\/katalog\/wp-json\/wp\/v2\/product_cat?post=122356"},{"taxonomy":"product_tag","embeddable":true,"href":"https:\/\/www.ernstbrunn-apotheke.at\/katalog\/wp-json\/wp\/v2\/product_tag?post=122356"}],"curies":[{"name":"wp","href":"https:\/\/api.w.org\/{rel}","templated":true}]}}