{"id":122177,"date":"2025-11-13T10:38:22","date_gmt":"2025-11-13T09:38:22","guid":{"rendered":"https:\/\/www.ernstbrunn-apotheke.at\/katalog\/produkt\/kozbach-glasfeile-hb-emaill-9-1-stk\/"},"modified":"2025-12-09T09:48:48","modified_gmt":"2025-12-09T08:48:48","slug":"kozbach-glasfeile-hb-emaill-9-1-stk","status":"publish","type":"product","link":"https:\/\/www.ernstbrunn-apotheke.at\/katalog\/produkt\/kozbach-glasfeile-hb-emaill-9-1-stk\/","title":{"rendered":"Kozbach Glasfeile Hb Emaill 9 1 Stk."},"content":{"rendered":"<p>Das Unternehmen Kozbach hat es sich als langj\u00e4hriges Traditionsunternehmen zum Ziel gesetzt, Qualit\u00e4t und Innovation als Unternehmensphilosophie zu betrachten. Qualit\u00e4t &#8211; Innovation &#8211; Know-How seit 1976<\/p>\n","protected":false},"excerpt":{"rendered":"<p>Das Unternehmen Kozbach hat es sich als langj\u00e4hriges Traditionsunternehmen zum Ziel gesetzt, Qualit\u00e4t und Innovation als Unternehmensphilosophie zu betrachten. Qualit\u00e4t &#8211; Innovation &#8211; Know-How seit 1976<\/p>\n","protected":false},"featured_media":0,"template":"","meta":{"_acf_changed":false},"product_brand":[770],"product_cat":[807],"product_tag":[],"class_list":{"0":"post-122177","1":"product","2":"type-product","3":"status-publish","5":"product_brand-kozbach","6":"product_cat-k","7":"pa_packungsgroesse-1-stueck","9":"first","10":"instock","11":"shipping-taxable","12":"purchasable","13":"product-type-simple"},"acf":[],"_links":{"self":[{"href":"https:\/\/www.ernstbrunn-apotheke.at\/katalog\/wp-json\/wp\/v2\/product\/122177","targetHints":{"allow":["GET"]}}],"collection":[{"href":"https:\/\/www.ernstbrunn-apotheke.at\/katalog\/wp-json\/wp\/v2\/product"}],"about":[{"href":"https:\/\/www.ernstbrunn-apotheke.at\/katalog\/wp-json\/wp\/v2\/types\/product"}],"wp:attachment":[{"href":"https:\/\/www.ernstbrunn-apotheke.at\/katalog\/wp-json\/wp\/v2\/media?parent=122177"}],"wp:term":[{"taxonomy":"product_brand","embeddable":true,"href":"https:\/\/www.ernstbrunn-apotheke.at\/katalog\/wp-json\/wp\/v2\/product_brand?post=122177"},{"taxonomy":"product_cat","embeddable":true,"href":"https:\/\/www.ernstbrunn-apotheke.at\/katalog\/wp-json\/wp\/v2\/product_cat?post=122177"},{"taxonomy":"product_tag","embeddable":true,"href":"https:\/\/www.ernstbrunn-apotheke.at\/katalog\/wp-json\/wp\/v2\/product_tag?post=122177"}],"curies":[{"name":"wp","href":"https:\/\/api.w.org\/{rel}","templated":true}]}}