{"id":12206,"date":"2025-11-07T14:45:46","date_gmt":"2025-11-07T13:45:46","guid":{"rendered":"https:\/\/www.ernstbrunn-apotheke.at\/katalog\/produkt\/beinwell-balsam\/"},"modified":"2025-12-08T13:32:51","modified_gmt":"2025-12-08T12:32:51","slug":"beinwell-balsam","status":"publish","type":"product","link":"https:\/\/www.ernstbrunn-apotheke.at\/katalog\/produkt\/beinwell-balsam\/","title":{"rendered":"Beinwell Balsam"},"content":{"rendered":"<p>Beinwell-Balsam wird aus der Beinwellwurzel durch ein spezielles Verfahren hergestellt. Diese Wurzel ist auch unter den Namen Schwarzwurzel, Wallwurz, Milchwurz bekannt und wird in der Volksmedizin als altes Hausmittel verwendet. Alle Bestandteile des Beinwell-Balsams entsprechen den hohen Anforderungen des \u00d6sterreichischen Arzneibuchs. Daher auch die un\u00fcbertroffene Qualit\u00e4t dieses Beinwell-Balsams..<\/p>\n","protected":false},"excerpt":{"rendered":"<p>Beinwell-Balsam wird aus der Beinwellwurzel durch ein spezielles Verfahren hergestellt. Diese Wurzel ist auch unter den Namen Schwarzwurzel, Wallwurz, Milchwurz bekannt und wird in der Volksmedizin als altes Hausmittel verwendet. Alle Bestandteile des Beinwell-Balsams entsprechen den hohen Anforderungen des \u00d6sterreichischen Arzneibuchs. Daher auch die un\u00fcbertroffene Qualit\u00e4t dieses Beinwell-Balsams..<\/p>\n","protected":false},"featured_media":12208,"template":"","meta":{"_acf_changed":false},"product_brand":[371],"product_cat":[802],"product_tag":[],"class_list":{"0":"post-12206","1":"product","2":"type-product","3":"status-publish","4":"has-post-thumbnail","6":"product_brand-gall-pharma","7":"product_cat-b","8":"pa_packungsgroesse-50g","10":"first","11":"instock","12":"shipping-taxable","13":"purchasable","14":"product-type-simple"},"acf":[],"_links":{"self":[{"href":"https:\/\/www.ernstbrunn-apotheke.at\/katalog\/wp-json\/wp\/v2\/product\/12206","targetHints":{"allow":["GET"]}}],"collection":[{"href":"https:\/\/www.ernstbrunn-apotheke.at\/katalog\/wp-json\/wp\/v2\/product"}],"about":[{"href":"https:\/\/www.ernstbrunn-apotheke.at\/katalog\/wp-json\/wp\/v2\/types\/product"}],"wp:featuredmedia":[{"embeddable":true,"href":"https:\/\/www.ernstbrunn-apotheke.at\/katalog\/wp-json\/wp\/v2\/media\/12208"}],"wp:attachment":[{"href":"https:\/\/www.ernstbrunn-apotheke.at\/katalog\/wp-json\/wp\/v2\/media?parent=12206"}],"wp:term":[{"taxonomy":"product_brand","embeddable":true,"href":"https:\/\/www.ernstbrunn-apotheke.at\/katalog\/wp-json\/wp\/v2\/product_brand?post=12206"},{"taxonomy":"product_cat","embeddable":true,"href":"https:\/\/www.ernstbrunn-apotheke.at\/katalog\/wp-json\/wp\/v2\/product_cat?post=12206"},{"taxonomy":"product_tag","embeddable":true,"href":"https:\/\/www.ernstbrunn-apotheke.at\/katalog\/wp-json\/wp\/v2\/product_tag?post=12206"}],"curies":[{"name":"wp","href":"https:\/\/api.w.org\/{rel}","templated":true}]}}