{"id":121937,"date":"2025-11-13T10:33:29","date_gmt":"2025-11-13T09:33:29","guid":{"rendered":"https:\/\/www.ernstbrunn-apotheke.at\/katalog\/produkt\/wala-equisetum-ex-herba-5-ol-100-ml\/"},"modified":"2025-12-09T09:48:00","modified_gmt":"2025-12-09T08:48:00","slug":"wala-equisetum-ex-herba-5-ol-100-ml","status":"publish","type":"product","link":"https:\/\/www.ernstbrunn-apotheke.at\/katalog\/produkt\/wala-equisetum-ex-herba-5-ol-100-ml\/","title":{"rendered":"Wala Equisetum Ex Herba 5% OL 100 ml"},"content":{"rendered":"<p>Wala Equisetum Ex Herba 5% ist ein Badezusatz, welcher zur Anregung der organismusgerichteten Nierent\u00e4tigkeit dient. So kommt er etwa bei Stoffwechselst\u00f6rungen mit Neigung zu Ablagerung und Steinbildung zum Einsatz. Der bewirkt die verz\u00f6gerte Heilung entz\u00fcndlicher Erkrankungen von Haut, Schleimhaut und Bindegewebe, heilt Erkrankungen von Gelenken und Nerven sowie entz\u00fcndliche Erkrankungen der Nieren.<\/p>\n","protected":false},"excerpt":{"rendered":"<p>Wala Equisetum Ex Herba 5% ist ein Badezusatz, welcher zur Anregung der organismusgerichteten Nierent\u00e4tigkeit dient. So kommt er etwa bei Stoffwechselst\u00f6rungen mit Neigung zu Ablagerung und Steinbildung zum Einsatz. Der bewirkt die verz\u00f6gerte Heilung entz\u00fcndlicher Erkrankungen von Haut, Schleimhaut und Bindegewebe, heilt Erkrankungen von Gelenken und Nerven sowie entz\u00fcndliche Erkrankungen der Nieren.<\/p>\n","protected":false},"featured_media":0,"template":"","meta":{"_acf_changed":false},"product_brand":[866],"product_cat":[796],"product_tag":[],"class_list":{"0":"post-121937","1":"product","2":"type-product","3":"status-publish","5":"product_brand-wala","6":"product_cat-w","7":"pa_packungsgroesse-100ml","9":"first","10":"instock","11":"shipping-taxable","12":"purchasable","13":"product-type-simple"},"acf":[],"_links":{"self":[{"href":"https:\/\/www.ernstbrunn-apotheke.at\/katalog\/wp-json\/wp\/v2\/product\/121937","targetHints":{"allow":["GET"]}}],"collection":[{"href":"https:\/\/www.ernstbrunn-apotheke.at\/katalog\/wp-json\/wp\/v2\/product"}],"about":[{"href":"https:\/\/www.ernstbrunn-apotheke.at\/katalog\/wp-json\/wp\/v2\/types\/product"}],"wp:attachment":[{"href":"https:\/\/www.ernstbrunn-apotheke.at\/katalog\/wp-json\/wp\/v2\/media?parent=121937"}],"wp:term":[{"taxonomy":"product_brand","embeddable":true,"href":"https:\/\/www.ernstbrunn-apotheke.at\/katalog\/wp-json\/wp\/v2\/product_brand?post=121937"},{"taxonomy":"product_cat","embeddable":true,"href":"https:\/\/www.ernstbrunn-apotheke.at\/katalog\/wp-json\/wp\/v2\/product_cat?post=121937"},{"taxonomy":"product_tag","embeddable":true,"href":"https:\/\/www.ernstbrunn-apotheke.at\/katalog\/wp-json\/wp\/v2\/product_tag?post=121937"}],"curies":[{"name":"wp","href":"https:\/\/api.w.org\/{rel}","templated":true}]}}