{"id":121877,"date":"2025-11-13T10:32:09","date_gmt":"2025-11-13T09:32:09","guid":{"rendered":"https:\/\/www.ernstbrunn-apotheke.at\/katalog\/produkt\/zahnseide-emoform-triofloss-100-stk\/"},"modified":"2025-12-09T09:47:47","modified_gmt":"2025-12-09T08:47:47","slug":"zahnseide-emoform-triofloss-100-stk","status":"publish","type":"product","link":"https:\/\/www.ernstbrunn-apotheke.at\/katalog\/produkt\/zahnseide-emoform-triofloss-100-stk\/","title":{"rendered":"Zahnseide Emoform Triofloss 100 Stk."},"content":{"rendered":"<p>Zahnseide Emoform Triofloss zum Reinigen der Zahnh\u00e4lse, Implantate, unter Br\u00fccken, Brackets und Spangen mit 3 Funktionen: einf\u00e4deln, b\u00fcrsten, flossen.<\/p>\n","protected":false},"excerpt":{"rendered":"<p>Zahnseide Emoform Triofloss zum Reinigen der Zahnh\u00e4lse, Implantate, unter Br\u00fccken, Brackets und Spangen mit 3 Funktionen: einf\u00e4deln, b\u00fcrsten, flossen.<\/p>\n","protected":false},"featured_media":0,"template":"","meta":{"_acf_changed":false},"product_brand":[],"product_cat":[803],"product_tag":[],"class_list":{"0":"post-121877","1":"product","2":"type-product","3":"status-publish","5":"product_cat-z","6":"pa_packungsgroesse-100-stueck","8":"first","9":"instock","10":"shipping-taxable","11":"purchasable","12":"product-type-simple"},"acf":[],"_links":{"self":[{"href":"https:\/\/www.ernstbrunn-apotheke.at\/katalog\/wp-json\/wp\/v2\/product\/121877","targetHints":{"allow":["GET"]}}],"collection":[{"href":"https:\/\/www.ernstbrunn-apotheke.at\/katalog\/wp-json\/wp\/v2\/product"}],"about":[{"href":"https:\/\/www.ernstbrunn-apotheke.at\/katalog\/wp-json\/wp\/v2\/types\/product"}],"wp:attachment":[{"href":"https:\/\/www.ernstbrunn-apotheke.at\/katalog\/wp-json\/wp\/v2\/media?parent=121877"}],"wp:term":[{"taxonomy":"product_brand","embeddable":true,"href":"https:\/\/www.ernstbrunn-apotheke.at\/katalog\/wp-json\/wp\/v2\/product_brand?post=121877"},{"taxonomy":"product_cat","embeddable":true,"href":"https:\/\/www.ernstbrunn-apotheke.at\/katalog\/wp-json\/wp\/v2\/product_cat?post=121877"},{"taxonomy":"product_tag","embeddable":true,"href":"https:\/\/www.ernstbrunn-apotheke.at\/katalog\/wp-json\/wp\/v2\/product_tag?post=121877"}],"curies":[{"name":"wp","href":"https:\/\/api.w.org\/{rel}","templated":true}]}}