{"id":121799,"date":"2025-11-13T10:30:38","date_gmt":"2025-11-13T09:30:38","guid":{"rendered":"https:\/\/www.ernstbrunn-apotheke.at\/katalog\/produkt\/bachblueten-edis-hund-jagdtrieb-20-g\/"},"modified":"2025-12-09T09:47:27","modified_gmt":"2025-12-09T08:47:27","slug":"bachblueten-edis-hund-jagdtrieb-20-g","status":"publish","type":"product","link":"https:\/\/www.ernstbrunn-apotheke.at\/katalog\/produkt\/bachblueten-edis-hund-jagdtrieb-20-g\/","title":{"rendered":"Bachbl\u00fcten Edis Hund Jagdtrieb 20 g"},"content":{"rendered":"<p>Bachbl\u00fcten Edis Hund Jagdtrieb eignen sich zur Anwendung, wenn Ihr Hund mal wieder J\u00e4ger spielt und meint, er m\u00fcsse sein Rudel mit Rehr\u00fccken versorgen. Sie h\u00f6ren ihn nur noch in der Ferne und er will Sie weder sehen noch h\u00f6ren? Dann ist dieses Produkt genau das Richtige.<\/p>\n","protected":false},"excerpt":{"rendered":"<p>Bachbl\u00fcten Edis Hund Jagdtrieb eignen sich zur Anwendung, wenn Ihr Hund mal wieder J\u00e4ger spielt und meint, er m\u00fcsse sein Rudel mit Rehr\u00fccken versorgen. Sie h\u00f6ren ihn nur noch in der Ferne und er will Sie weder sehen noch h\u00f6ren? Dann ist dieses Produkt genau das Richtige.<\/p>\n","protected":false},"featured_media":0,"template":"","meta":{"_acf_changed":false},"product_brand":[],"product_cat":[802],"product_tag":[],"class_list":{"0":"post-121799","1":"product","2":"type-product","3":"status-publish","5":"product_cat-b","6":"pa_packungsgroesse-20g","8":"first","9":"instock","10":"shipping-taxable","11":"purchasable","12":"product-type-simple"},"acf":[],"_links":{"self":[{"href":"https:\/\/www.ernstbrunn-apotheke.at\/katalog\/wp-json\/wp\/v2\/product\/121799","targetHints":{"allow":["GET"]}}],"collection":[{"href":"https:\/\/www.ernstbrunn-apotheke.at\/katalog\/wp-json\/wp\/v2\/product"}],"about":[{"href":"https:\/\/www.ernstbrunn-apotheke.at\/katalog\/wp-json\/wp\/v2\/types\/product"}],"wp:attachment":[{"href":"https:\/\/www.ernstbrunn-apotheke.at\/katalog\/wp-json\/wp\/v2\/media?parent=121799"}],"wp:term":[{"taxonomy":"product_brand","embeddable":true,"href":"https:\/\/www.ernstbrunn-apotheke.at\/katalog\/wp-json\/wp\/v2\/product_brand?post=121799"},{"taxonomy":"product_cat","embeddable":true,"href":"https:\/\/www.ernstbrunn-apotheke.at\/katalog\/wp-json\/wp\/v2\/product_cat?post=121799"},{"taxonomy":"product_tag","embeddable":true,"href":"https:\/\/www.ernstbrunn-apotheke.at\/katalog\/wp-json\/wp\/v2\/product_tag?post=121799"}],"curies":[{"name":"wp","href":"https:\/\/api.w.org\/{rel}","templated":true}]}}