{"id":121797,"date":"2025-11-13T10:30:38","date_gmt":"2025-11-13T09:30:38","guid":{"rendered":"https:\/\/www.ernstbrunn-apotheke.at\/katalog\/produkt\/edis-readys-globuli-9-nachts-15-g\/"},"modified":"2025-12-09T09:47:26","modified_gmt":"2025-12-09T08:47:26","slug":"edis-readys-globuli-9-nachts-15-g","status":"publish","type":"product","link":"https:\/\/www.ernstbrunn-apotheke.at\/katalog\/produkt\/edis-readys-globuli-9-nachts-15-g\/","title":{"rendered":"Edis Readys Globuli 9 Nachts 15 g"},"content":{"rendered":"<p>Edis Readys Globuli Nachts wird bei Kopfkino, Schlaflosigkeit, Einschlafst\u00f6rungen, Gr\u00fcbelei, \u00dcberreiztheit, Anspannung, Furcht und au\u00dferdem \u00dcberbesorgnis angewendet. Die Globuli spenden Entspannung, Ruhe und einen angenehmen Schlaf.<\/p>\n","protected":false},"excerpt":{"rendered":"<p>Edis Readys Globuli Nachts wird bei Kopfkino, Schlaflosigkeit, Einschlafst\u00f6rungen, Gr\u00fcbelei, \u00dcberreiztheit, Anspannung, Furcht und au\u00dferdem \u00dcberbesorgnis angewendet. Die Globuli spenden Entspannung, Ruhe und einen angenehmen Schlaf.<\/p>\n","protected":false},"featured_media":0,"template":"","meta":{"_acf_changed":false},"product_brand":[],"product_cat":[794],"product_tag":[],"class_list":{"0":"post-121797","1":"product","2":"type-product","3":"status-publish","5":"product_cat-e","6":"pa_packungsgroesse-18g","8":"first","9":"instock","10":"shipping-taxable","11":"purchasable","12":"product-type-simple"},"acf":[],"_links":{"self":[{"href":"https:\/\/www.ernstbrunn-apotheke.at\/katalog\/wp-json\/wp\/v2\/product\/121797","targetHints":{"allow":["GET"]}}],"collection":[{"href":"https:\/\/www.ernstbrunn-apotheke.at\/katalog\/wp-json\/wp\/v2\/product"}],"about":[{"href":"https:\/\/www.ernstbrunn-apotheke.at\/katalog\/wp-json\/wp\/v2\/types\/product"}],"wp:attachment":[{"href":"https:\/\/www.ernstbrunn-apotheke.at\/katalog\/wp-json\/wp\/v2\/media?parent=121797"}],"wp:term":[{"taxonomy":"product_brand","embeddable":true,"href":"https:\/\/www.ernstbrunn-apotheke.at\/katalog\/wp-json\/wp\/v2\/product_brand?post=121797"},{"taxonomy":"product_cat","embeddable":true,"href":"https:\/\/www.ernstbrunn-apotheke.at\/katalog\/wp-json\/wp\/v2\/product_cat?post=121797"},{"taxonomy":"product_tag","embeddable":true,"href":"https:\/\/www.ernstbrunn-apotheke.at\/katalog\/wp-json\/wp\/v2\/product_tag?post=121797"}],"curies":[{"name":"wp","href":"https:\/\/api.w.org\/{rel}","templated":true}]}}