{"id":121671,"date":"2025-11-13T10:27:27","date_gmt":"2025-11-13T09:27:27","guid":{"rendered":"https:\/\/www.ernstbrunn-apotheke.at\/katalog\/produkt\/gelenk-duo-dragees\/"},"modified":"2025-12-09T09:46:53","modified_gmt":"2025-12-09T08:46:53","slug":"gelenk-duo-dragees","status":"publish","type":"product","link":"https:\/\/www.ernstbrunn-apotheke.at\/katalog\/produkt\/gelenk-duo-dragees\/","title":{"rendered":"Gelenk Duo Dragees"},"content":{"rendered":"<p>Gelenk Duo 180 Stk. ist ein Nahrungserg\u00e4nzungsmittel zur St\u00e4rkung von Muskeln und Gelenken. Glucosamin und Chondroitin kommen in nat\u00fcrlicher Form im Gelenkknorpel vor. Glucosamin spielt eine wichtige Rolle im reibungslosen Bewegungsablauf der Gelenke, w\u00e4hrend Chondroitin zu den ,,sto\u00dfd\u00e4mpfenden\u201c Eigenschaften der Gelenke beitr\u00e4gt. Mit Vitamin C, das zur Aufrechterhaltung normaler Kollagenbildung beitr\u00e4gt Was ist Gelenk Duo? Neben Vitamin C, das zur Aufrechterhaltung normaler Kollagenbildung beitr\u00e4gt, enth\u00e4lt Gelenk Duo Glucosaminsulfat. Glucosamin kommt in nat\u00fcrlicher Form im Knorpelgewebe unserer Gelenke vor. Der Zusatz \u201csulfat\u201d bedeutet lediglich, dass das Glucosamin eine nat\u00fcrliche Schwefelquelle enth\u00e4lt.Woher kommt Glucosamin?Es gibt keine Nahrungsmittel, in denen Glucosamin in fertig verf\u00fcgbarer Form vorliegt. Glucosamin kann am besten durch Einnahme eines Nahrungserg\u00e4nzungsmittels aufgenommen werden. Das in Gelenk Duo enthaltene Glucosamin wird aus Wildgarnelen gewonnen,- nicht aus Zuchtgarnelen.Wie kann Ihnen Gelenk Duo helfen?Die t\u00e4gliche Einnahme von Gelenk Duo ist eine gute M\u00f6glichkeit, Ihre Gelenke mit einigen der Stoffe zu versorgen, die in normalem Knorpelgewebe vorkommen. Das darin enthaltene Vitamin C unterst\u00fctzt Ihren K\u00f6rper und die biologischen Prozesse, die zur Beweglichkeit Ihrer Gelenke beitragen.<\/p>\n","protected":false},"excerpt":{"rendered":"<p>Gelenk Duo 180 Stk. ist ein Nahrungserg\u00e4nzungsmittel zur St\u00e4rkung von Muskeln und Gelenken. Glucosamin und Chondroitin kommen in nat\u00fcrlicher Form im Gelenkknorpel vor. Glucosamin spielt eine wichtige Rolle im reibungslosen Bewegungsablauf der Gelenke, w\u00e4hrend Chondroitin zu den ,,sto\u00dfd\u00e4mpfenden\u201c Eigenschaften der Gelenke beitr\u00e4gt. Mit Vitamin C, das zur Aufrechterhaltung normaler Kollagenbildung beitr\u00e4gt Was ist Gelenk Duo? [&hellip;]<\/p>\n","protected":false},"featured_media":121673,"template":"","meta":{"_acf_changed":false},"product_brand":[],"product_cat":[810],"product_tag":[],"class_list":{"0":"post-121671","1":"product","2":"type-product","3":"status-publish","4":"has-post-thumbnail","6":"product_cat-g","7":"pa_packungsgroesse-180-stueck","9":"first","10":"instock","11":"shipping-taxable","12":"purchasable","13":"product-type-simple"},"acf":[],"_links":{"self":[{"href":"https:\/\/www.ernstbrunn-apotheke.at\/katalog\/wp-json\/wp\/v2\/product\/121671","targetHints":{"allow":["GET"]}}],"collection":[{"href":"https:\/\/www.ernstbrunn-apotheke.at\/katalog\/wp-json\/wp\/v2\/product"}],"about":[{"href":"https:\/\/www.ernstbrunn-apotheke.at\/katalog\/wp-json\/wp\/v2\/types\/product"}],"wp:featuredmedia":[{"embeddable":true,"href":"https:\/\/www.ernstbrunn-apotheke.at\/katalog\/wp-json\/wp\/v2\/media\/121673"}],"wp:attachment":[{"href":"https:\/\/www.ernstbrunn-apotheke.at\/katalog\/wp-json\/wp\/v2\/media?parent=121671"}],"wp:term":[{"taxonomy":"product_brand","embeddable":true,"href":"https:\/\/www.ernstbrunn-apotheke.at\/katalog\/wp-json\/wp\/v2\/product_brand?post=121671"},{"taxonomy":"product_cat","embeddable":true,"href":"https:\/\/www.ernstbrunn-apotheke.at\/katalog\/wp-json\/wp\/v2\/product_cat?post=121671"},{"taxonomy":"product_tag","embeddable":true,"href":"https:\/\/www.ernstbrunn-apotheke.at\/katalog\/wp-json\/wp\/v2\/product_tag?post=121671"}],"curies":[{"name":"wp","href":"https:\/\/api.w.org\/{rel}","templated":true}]}}