{"id":121656,"date":"2025-11-13T10:27:08","date_gmt":"2025-11-13T09:27:08","guid":{"rendered":"https:\/\/www.ernstbrunn-apotheke.at\/katalog\/produkt\/gehwol-nagelmassage-creme-15-ml\/"},"modified":"2025-12-09T09:46:50","modified_gmt":"2025-12-09T08:46:50","slug":"gehwol-nagelmassage-creme-15-ml","status":"publish","type":"product","link":"https:\/\/www.ernstbrunn-apotheke.at\/katalog\/produkt\/gehwol-nagelmassage-creme-15-ml\/","title":{"rendered":"Gehwol Nagelmassage-Creme 15 ml"},"content":{"rendered":"<p>Verwenden Sie Gehwol Nagelmasse zur Versch\u00f6nerung, zum Schutz und f\u00fcr die Reparatur der Zehen- und Fingern\u00e4gel. Die Nagelmasse wird zur Gl\u00e4ttung unebener und zur Festigung eingerissener N\u00e4gel, zur Fixierung k\u00fcnstlicher N\u00e4gel und zum Schutz vor Nagelpilz verwendet.<\/p>\n","protected":false},"excerpt":{"rendered":"<p>Verwenden Sie Gehwol Nagelmasse zur Versch\u00f6nerung, zum Schutz und f\u00fcr die Reparatur der Zehen- und Fingern\u00e4gel. Die Nagelmasse wird zur Gl\u00e4ttung unebener und zur Festigung eingerissener N\u00e4gel, zur Fixierung k\u00fcnstlicher N\u00e4gel und zum Schutz vor Nagelpilz verwendet.<\/p>\n","protected":false},"featured_media":121658,"template":"","meta":{"_acf_changed":false},"product_brand":[320],"product_cat":[810],"product_tag":[],"class_list":{"0":"post-121656","1":"product","2":"type-product","3":"status-publish","4":"has-post-thumbnail","6":"product_brand-gehwol","7":"product_cat-g","8":"pa_packungsgroesse-15ml","10":"first","11":"instock","12":"shipping-taxable","13":"purchasable","14":"product-type-simple"},"acf":[],"_links":{"self":[{"href":"https:\/\/www.ernstbrunn-apotheke.at\/katalog\/wp-json\/wp\/v2\/product\/121656","targetHints":{"allow":["GET"]}}],"collection":[{"href":"https:\/\/www.ernstbrunn-apotheke.at\/katalog\/wp-json\/wp\/v2\/product"}],"about":[{"href":"https:\/\/www.ernstbrunn-apotheke.at\/katalog\/wp-json\/wp\/v2\/types\/product"}],"wp:featuredmedia":[{"embeddable":true,"href":"https:\/\/www.ernstbrunn-apotheke.at\/katalog\/wp-json\/wp\/v2\/media\/121658"}],"wp:attachment":[{"href":"https:\/\/www.ernstbrunn-apotheke.at\/katalog\/wp-json\/wp\/v2\/media?parent=121656"}],"wp:term":[{"taxonomy":"product_brand","embeddable":true,"href":"https:\/\/www.ernstbrunn-apotheke.at\/katalog\/wp-json\/wp\/v2\/product_brand?post=121656"},{"taxonomy":"product_cat","embeddable":true,"href":"https:\/\/www.ernstbrunn-apotheke.at\/katalog\/wp-json\/wp\/v2\/product_cat?post=121656"},{"taxonomy":"product_tag","embeddable":true,"href":"https:\/\/www.ernstbrunn-apotheke.at\/katalog\/wp-json\/wp\/v2\/product_tag?post=121656"}],"curies":[{"name":"wp","href":"https:\/\/api.w.org\/{rel}","templated":true}]}}