{"id":121634,"date":"2025-11-13T10:25:59","date_gmt":"2025-11-13T09:25:59","guid":{"rendered":"https:\/\/www.ernstbrunn-apotheke.at\/katalog\/produkt\/fresubin-32-kcal-drink-125-ml-x-4-stk-mango\/"},"modified":"2025-12-09T09:46:48","modified_gmt":"2025-12-09T08:46:48","slug":"fresubin-32-kcal-drink-125-ml-x-4-stk-mango","status":"publish","type":"product","link":"https:\/\/www.ernstbrunn-apotheke.at\/katalog\/produkt\/fresubin-32-kcal-drink-125-ml-x-4-stk-mango\/","title":{"rendered":"Fresubin 3,2 kcal DRINK 125 ml x 4 Stk. Mango"},"content":{"rendered":"<p>Fresubin 3.2 kcal Drink eignet sich zum Di\u00e4tmanagement bei Patienten mit bestehender oder drohender Mangelern\u00e4hrung oder St\u00f6rungen der Nahrungsaufnahme, insbesondere bei erh\u00f6htem Energie- und Eiwei\u00dfbedarf oder limitierter Fl\u00fcssigkeitstoleranz.<\/p>\n","protected":false},"excerpt":{"rendered":"<p>Fresubin 3.2 kcal Drink eignet sich zum Di\u00e4tmanagement bei Patienten mit bestehender oder drohender Mangelern\u00e4hrung oder St\u00f6rungen der Nahrungsaufnahme, insbesondere bei erh\u00f6htem Energie- und Eiwei\u00dfbedarf oder limitierter Fl\u00fcssigkeitstoleranz.<\/p>\n","protected":false},"featured_media":121636,"template":"","meta":{"_acf_changed":false},"product_brand":[],"product_cat":[809],"product_tag":[],"class_list":{"0":"post-121634","1":"product","2":"type-product","3":"status-publish","4":"has-post-thumbnail","6":"product_cat-f","7":"pa_packungsgroesse-4-stueck","9":"first","10":"instock","11":"shipping-taxable","12":"purchasable","13":"product-type-simple"},"acf":[],"_links":{"self":[{"href":"https:\/\/www.ernstbrunn-apotheke.at\/katalog\/wp-json\/wp\/v2\/product\/121634","targetHints":{"allow":["GET"]}}],"collection":[{"href":"https:\/\/www.ernstbrunn-apotheke.at\/katalog\/wp-json\/wp\/v2\/product"}],"about":[{"href":"https:\/\/www.ernstbrunn-apotheke.at\/katalog\/wp-json\/wp\/v2\/types\/product"}],"wp:featuredmedia":[{"embeddable":true,"href":"https:\/\/www.ernstbrunn-apotheke.at\/katalog\/wp-json\/wp\/v2\/media\/121636"}],"wp:attachment":[{"href":"https:\/\/www.ernstbrunn-apotheke.at\/katalog\/wp-json\/wp\/v2\/media?parent=121634"}],"wp:term":[{"taxonomy":"product_brand","embeddable":true,"href":"https:\/\/www.ernstbrunn-apotheke.at\/katalog\/wp-json\/wp\/v2\/product_brand?post=121634"},{"taxonomy":"product_cat","embeddable":true,"href":"https:\/\/www.ernstbrunn-apotheke.at\/katalog\/wp-json\/wp\/v2\/product_cat?post=121634"},{"taxonomy":"product_tag","embeddable":true,"href":"https:\/\/www.ernstbrunn-apotheke.at\/katalog\/wp-json\/wp\/v2\/product_tag?post=121634"}],"curies":[{"name":"wp","href":"https:\/\/api.w.org\/{rel}","templated":true}]}}