{"id":121619,"date":"2025-11-13T10:25:59","date_gmt":"2025-11-13T09:25:59","guid":{"rendered":"https:\/\/www.ernstbrunn-apotheke.at\/katalog\/produkt\/freestyle-kontr-loesung-abb-4-ml-2-stk\/"},"modified":"2025-12-09T09:46:46","modified_gmt":"2025-12-09T08:46:46","slug":"freestyle-kontr-loesung-abb-4-ml-2-stk","status":"publish","type":"product","link":"https:\/\/www.ernstbrunn-apotheke.at\/katalog\/produkt\/freestyle-kontr-loesung-abb-4-ml-2-stk\/","title":{"rendered":"Freestyle Kontr. L\u00f6sung ABB 4 ml 2 Stk."},"content":{"rendered":"<p>Freestyle Kontr. L\u00f6sung dient zur Funktionskontrolle des Freestyle-Diabetes-Messsystems und sorgt so f\u00fcr zus\u00e4tzliche Sicherheit. Regelm\u00e4\u00dfige Funktionskontrollen empfehlen sich, wenn Ihnen Messergebnisse fragw\u00fcrdig erscheinen oder das Ger\u00e4t l\u00e4ngere Zeit nicht benutzt wurde. Die ger\u00e4tespezifischen Kontrolll\u00f6sungen enthalten eine standardisierte Glukosekonzentration sowie Zus\u00e4tze, welche die L\u00f6sung blut\u00e4hnlich machen.<\/p>\n","protected":false},"excerpt":{"rendered":"<p>Freestyle Kontr. L\u00f6sung dient zur Funktionskontrolle des Freestyle-Diabetes-Messsystems und sorgt so f\u00fcr zus\u00e4tzliche Sicherheit. Regelm\u00e4\u00dfige Funktionskontrollen empfehlen sich, wenn Ihnen Messergebnisse fragw\u00fcrdig erscheinen oder das Ger\u00e4t l\u00e4ngere Zeit nicht benutzt wurde. Die ger\u00e4tespezifischen Kontrolll\u00f6sungen enthalten eine standardisierte Glukosekonzentration sowie Zus\u00e4tze, welche die L\u00f6sung blut\u00e4hnlich machen.<\/p>\n","protected":false},"featured_media":121621,"template":"","meta":{"_acf_changed":false},"product_brand":[],"product_cat":[809],"product_tag":[],"class_list":{"0":"post-121619","1":"product","2":"type-product","3":"status-publish","4":"has-post-thumbnail","6":"product_cat-f","7":"pa_packungsgroesse-2-stueck","9":"first","10":"instock","11":"shipping-taxable","12":"purchasable","13":"product-type-simple"},"acf":[],"_links":{"self":[{"href":"https:\/\/www.ernstbrunn-apotheke.at\/katalog\/wp-json\/wp\/v2\/product\/121619","targetHints":{"allow":["GET"]}}],"collection":[{"href":"https:\/\/www.ernstbrunn-apotheke.at\/katalog\/wp-json\/wp\/v2\/product"}],"about":[{"href":"https:\/\/www.ernstbrunn-apotheke.at\/katalog\/wp-json\/wp\/v2\/types\/product"}],"wp:featuredmedia":[{"embeddable":true,"href":"https:\/\/www.ernstbrunn-apotheke.at\/katalog\/wp-json\/wp\/v2\/media\/121621"}],"wp:attachment":[{"href":"https:\/\/www.ernstbrunn-apotheke.at\/katalog\/wp-json\/wp\/v2\/media?parent=121619"}],"wp:term":[{"taxonomy":"product_brand","embeddable":true,"href":"https:\/\/www.ernstbrunn-apotheke.at\/katalog\/wp-json\/wp\/v2\/product_brand?post=121619"},{"taxonomy":"product_cat","embeddable":true,"href":"https:\/\/www.ernstbrunn-apotheke.at\/katalog\/wp-json\/wp\/v2\/product_cat?post=121619"},{"taxonomy":"product_tag","embeddable":true,"href":"https:\/\/www.ernstbrunn-apotheke.at\/katalog\/wp-json\/wp\/v2\/product_tag?post=121619"}],"curies":[{"name":"wp","href":"https:\/\/api.w.org\/{rel}","templated":true}]}}