{"id":12161,"date":"2025-11-07T14:44:53","date_gmt":"2025-11-07T13:44:53","guid":{"rendered":"https:\/\/www.ernstbrunn-apotheke.at\/katalog\/produkt\/roewo-beine-und-venenbalsam-rosskastanie-100-ml\/"},"modified":"2025-12-08T13:32:46","modified_gmt":"2025-12-08T12:32:46","slug":"roewo-beine-und-venenbalsam-rosskastanie-100-ml","status":"publish","type":"product","link":"https:\/\/www.ernstbrunn-apotheke.at\/katalog\/produkt\/roewo-beine-und-venenbalsam-rosskastanie-100-ml\/","title":{"rendered":"R\u00f6wo Beine und Venenbalsam + Rosskastanie 100 ml"},"content":{"rendered":"<p>R\u00f6wo Bein und Venen Balsam ist besonders geeignet zur begleitenden Pflege bei ven\u00f6sen Stauungen und Krampfadern und lindert das Spannungsgef\u00fchl schwerer Beine. Der Balsam k\u00fchlt zudem langanhaltend und ist besonders angenehm und erfrischend bei geschwollenen, m\u00fcden und verspannten Beinen und F\u00fc\u00dfen \u2013 jetzt online vorbestellen!<\/p>\n","protected":false},"excerpt":{"rendered":"<p>R\u00f6wo Bein und Venen Balsam ist besonders geeignet zur begleitenden Pflege bei ven\u00f6sen Stauungen und Krampfadern und lindert das Spannungsgef\u00fchl schwerer Beine. Der Balsam k\u00fchlt zudem langanhaltend und ist besonders angenehm und erfrischend bei geschwollenen, m\u00fcden und verspannten Beinen und F\u00fc\u00dfen \u2013 jetzt online vorbestellen!<\/p>\n","protected":false},"featured_media":12163,"template":"","meta":{"_acf_changed":false},"product_brand":[],"product_cat":[808],"product_tag":[],"class_list":{"0":"post-12161","1":"product","2":"type-product","3":"status-publish","4":"has-post-thumbnail","6":"product_cat-r","7":"pa_farbe-weiss","8":"pa_packungsgroesse-100ml","10":"first","11":"instock","12":"shipping-taxable","13":"purchasable","14":"product-type-simple"},"acf":[],"_links":{"self":[{"href":"https:\/\/www.ernstbrunn-apotheke.at\/katalog\/wp-json\/wp\/v2\/product\/12161","targetHints":{"allow":["GET"]}}],"collection":[{"href":"https:\/\/www.ernstbrunn-apotheke.at\/katalog\/wp-json\/wp\/v2\/product"}],"about":[{"href":"https:\/\/www.ernstbrunn-apotheke.at\/katalog\/wp-json\/wp\/v2\/types\/product"}],"wp:featuredmedia":[{"embeddable":true,"href":"https:\/\/www.ernstbrunn-apotheke.at\/katalog\/wp-json\/wp\/v2\/media\/12163"}],"wp:attachment":[{"href":"https:\/\/www.ernstbrunn-apotheke.at\/katalog\/wp-json\/wp\/v2\/media?parent=12161"}],"wp:term":[{"taxonomy":"product_brand","embeddable":true,"href":"https:\/\/www.ernstbrunn-apotheke.at\/katalog\/wp-json\/wp\/v2\/product_brand?post=12161"},{"taxonomy":"product_cat","embeddable":true,"href":"https:\/\/www.ernstbrunn-apotheke.at\/katalog\/wp-json\/wp\/v2\/product_cat?post=12161"},{"taxonomy":"product_tag","embeddable":true,"href":"https:\/\/www.ernstbrunn-apotheke.at\/katalog\/wp-json\/wp\/v2\/product_tag?post=12161"}],"curies":[{"name":"wp","href":"https:\/\/api.w.org\/{rel}","templated":true}]}}