{"id":121597,"date":"2025-11-13T10:25:19","date_gmt":"2025-11-13T09:25:19","guid":{"rendered":"https:\/\/www.ernstbrunn-apotheke.at\/katalog\/produkt\/floracit-lutschtabletten-70-stk\/"},"modified":"2025-12-09T09:46:42","modified_gmt":"2025-12-09T08:46:42","slug":"floracit-lutschtabletten-70-stk","status":"publish","type":"product","link":"https:\/\/www.ernstbrunn-apotheke.at\/katalog\/produkt\/floracit-lutschtabletten-70-stk\/","title":{"rendered":"Floracit Lutschtabletten 70 Stk."},"content":{"rendered":"<p>Floracit ist ein Nahrungserg\u00e4nzungsmittel mit hochwertigen Inhaltsstoffen aus Bio-S\u00fc\u00dfmolke und wertvollen Mineralstoffen. Durch die ausgew\u00e4hlten Inhaltsstoffe dienen die Tabletten einer ausgewogenen Nahrungserg\u00e4nzung, der Aktivierung k\u00f6rpereigener Abwehrkr\u00e4fte in Mund und Rachen sowie der F\u00f6rderung der Speichelbildung. Zus\u00e4tzlich eignen sie sich im Speziellem f\u00fcr die Mundhygiene. Sie beseitigen ein Ungleichgewicht der Bakterienflora, indem sie die sogenannten Lactobazillen im Wachstum und in der Vermehrung hemmen, wodurch eine gesunde Balance der Mundflora erzielt wird &#8211; profitieren Sie von hohen Rabatten und dem gro\u00dfen Sortiment einer Standortapotheke!<\/p>\n","protected":false},"excerpt":{"rendered":"<p>Floracit ist ein Nahrungserg\u00e4nzungsmittel mit hochwertigen Inhaltsstoffen aus Bio-S\u00fc\u00dfmolke und wertvollen Mineralstoffen. Durch die ausgew\u00e4hlten Inhaltsstoffe dienen die Tabletten einer ausgewogenen Nahrungserg\u00e4nzung, der Aktivierung k\u00f6rpereigener Abwehrkr\u00e4fte in Mund und Rachen sowie der F\u00f6rderung der Speichelbildung. Zus\u00e4tzlich eignen sie sich im Speziellem f\u00fcr die Mundhygiene. Sie beseitigen ein Ungleichgewicht der Bakterienflora, indem sie die sogenannten Lactobazillen [&hellip;]<\/p>\n","protected":false},"featured_media":121599,"template":"","meta":{"_acf_changed":false},"product_brand":[],"product_cat":[809],"product_tag":[],"class_list":{"0":"post-121597","1":"product","2":"type-product","3":"status-publish","4":"has-post-thumbnail","6":"product_cat-f","7":"pa_packungsgroesse-70-stueck","9":"first","10":"instock","11":"shipping-taxable","12":"purchasable","13":"product-type-simple"},"acf":[],"_links":{"self":[{"href":"https:\/\/www.ernstbrunn-apotheke.at\/katalog\/wp-json\/wp\/v2\/product\/121597","targetHints":{"allow":["GET"]}}],"collection":[{"href":"https:\/\/www.ernstbrunn-apotheke.at\/katalog\/wp-json\/wp\/v2\/product"}],"about":[{"href":"https:\/\/www.ernstbrunn-apotheke.at\/katalog\/wp-json\/wp\/v2\/types\/product"}],"wp:featuredmedia":[{"embeddable":true,"href":"https:\/\/www.ernstbrunn-apotheke.at\/katalog\/wp-json\/wp\/v2\/media\/121599"}],"wp:attachment":[{"href":"https:\/\/www.ernstbrunn-apotheke.at\/katalog\/wp-json\/wp\/v2\/media?parent=121597"}],"wp:term":[{"taxonomy":"product_brand","embeddable":true,"href":"https:\/\/www.ernstbrunn-apotheke.at\/katalog\/wp-json\/wp\/v2\/product_brand?post=121597"},{"taxonomy":"product_cat","embeddable":true,"href":"https:\/\/www.ernstbrunn-apotheke.at\/katalog\/wp-json\/wp\/v2\/product_cat?post=121597"},{"taxonomy":"product_tag","embeddable":true,"href":"https:\/\/www.ernstbrunn-apotheke.at\/katalog\/wp-json\/wp\/v2\/product_tag?post=121597"}],"curies":[{"name":"wp","href":"https:\/\/api.w.org\/{rel}","templated":true}]}}