{"id":121593,"date":"2025-11-13T10:25:19","date_gmt":"2025-11-13T09:25:19","guid":{"rendered":"https:\/\/www.ernstbrunn-apotheke.at\/katalog\/produkt\/fixmilch-instant-magermilch-300-g\/"},"modified":"2025-12-09T09:46:42","modified_gmt":"2025-12-09T08:46:42","slug":"fixmilch-instant-magermilch-300-g","status":"publish","type":"product","link":"https:\/\/www.ernstbrunn-apotheke.at\/katalog\/produkt\/fixmilch-instant-magermilch-300-g\/","title":{"rendered":"Fixmilch Instant Magermilch 300 g"},"content":{"rendered":"<p>Fixmilch Instant Magermilch als praktische Bevorratung zu Hause oder auch als Verpflegung f\u00fcr Unterwegs, im Urlaub oder beim Camping ist durch die ungek\u00fchlte Haltbarkeit des Fixmilch Magermilchpulvers gegeben. Die Verwendungsm\u00f6glichkeiten von anger\u00fchrter Magermilch sind genauso vielf\u00e4ltig wie von frischer Milch..<\/p>\n","protected":false},"excerpt":{"rendered":"<p>Fixmilch Instant Magermilch als praktische Bevorratung zu Hause oder auch als Verpflegung f\u00fcr Unterwegs, im Urlaub oder beim Camping ist durch die ungek\u00fchlte Haltbarkeit des Fixmilch Magermilchpulvers gegeben. Die Verwendungsm\u00f6glichkeiten von anger\u00fchrter Magermilch sind genauso vielf\u00e4ltig wie von frischer Milch..<\/p>\n","protected":false},"featured_media":121595,"template":"","meta":{"_acf_changed":false},"product_brand":[],"product_cat":[809],"product_tag":[],"class_list":{"0":"post-121593","1":"product","2":"type-product","3":"status-publish","4":"has-post-thumbnail","6":"product_cat-f","7":"pa_packungsgroesse-300g","9":"first","10":"instock","11":"shipping-taxable","12":"purchasable","13":"product-type-simple"},"acf":[],"_links":{"self":[{"href":"https:\/\/www.ernstbrunn-apotheke.at\/katalog\/wp-json\/wp\/v2\/product\/121593","targetHints":{"allow":["GET"]}}],"collection":[{"href":"https:\/\/www.ernstbrunn-apotheke.at\/katalog\/wp-json\/wp\/v2\/product"}],"about":[{"href":"https:\/\/www.ernstbrunn-apotheke.at\/katalog\/wp-json\/wp\/v2\/types\/product"}],"wp:featuredmedia":[{"embeddable":true,"href":"https:\/\/www.ernstbrunn-apotheke.at\/katalog\/wp-json\/wp\/v2\/media\/121595"}],"wp:attachment":[{"href":"https:\/\/www.ernstbrunn-apotheke.at\/katalog\/wp-json\/wp\/v2\/media?parent=121593"}],"wp:term":[{"taxonomy":"product_brand","embeddable":true,"href":"https:\/\/www.ernstbrunn-apotheke.at\/katalog\/wp-json\/wp\/v2\/product_brand?post=121593"},{"taxonomy":"product_cat","embeddable":true,"href":"https:\/\/www.ernstbrunn-apotheke.at\/katalog\/wp-json\/wp\/v2\/product_cat?post=121593"},{"taxonomy":"product_tag","embeddable":true,"href":"https:\/\/www.ernstbrunn-apotheke.at\/katalog\/wp-json\/wp\/v2\/product_tag?post=121593"}],"curies":[{"name":"wp","href":"https:\/\/api.w.org\/{rel}","templated":true}]}}