{"id":121584,"date":"2025-11-13T10:24:57","date_gmt":"2025-11-13T09:24:57","guid":{"rendered":"https:\/\/www.ernstbrunn-apotheke.at\/katalog\/produkt\/fit-therapy-patch-schulter-3-stk\/"},"modified":"2025-12-09T09:46:40","modified_gmt":"2025-12-09T08:46:40","slug":"fit-therapy-patch-schulter-3-stk","status":"publish","type":"product","link":"https:\/\/www.ernstbrunn-apotheke.at\/katalog\/produkt\/fit-therapy-patch-schulter-3-stk\/","title":{"rendered":"FIT Therapy Patch Schulter 3 Stk."},"content":{"rendered":"<p>FIT Therapy Patch ist das Pflaster mit physikalischem Prinzip bei:- R\u00fccken- oder Nackenschmerzen- Schmerzen am Ischiasnerv- Muskel\u00fcberlastung- Verspannungen und eingeschr\u00e4nkter Beweglichkeit (Schulter, Ellbogen, Knie, Wade etc.)Die Pflaster beinhalten Mineralien (Titanverbindungen), welche die k\u00f6rpereigenen Infrarotstrahlen reflektieren und so eine schmerzlindernde sowie muskelentspannende Wirkung erzielen.- Keine Arzneistoffe enthalten- Dermatologisch auf sensibler Haut getestet- Bis zu 120 Stunden Schmerzlinderung- Wasserbest\u00e4ndig- Ergonomisches Design f\u00fcr jede K\u00f6rperstelle-<\/p>\n","protected":false},"excerpt":{"rendered":"<p>FIT Therapy Patch ist das Pflaster mit physikalischem Prinzip bei:- R\u00fccken- oder Nackenschmerzen- Schmerzen am Ischiasnerv- Muskel\u00fcberlastung- Verspannungen und eingeschr\u00e4nkter Beweglichkeit (Schulter, Ellbogen, Knie, Wade etc.)Die Pflaster beinhalten Mineralien (Titanverbindungen), welche die k\u00f6rpereigenen Infrarotstrahlen reflektieren und so eine schmerzlindernde sowie muskelentspannende Wirkung erzielen.- Keine Arzneistoffe enthalten- Dermatologisch auf sensibler Haut getestet- Bis zu 120 Stunden [&hellip;]<\/p>\n","protected":false},"featured_media":121586,"template":"","meta":{"_acf_changed":false},"product_brand":[],"product_cat":[809],"product_tag":[],"class_list":{"0":"post-121584","1":"product","2":"type-product","3":"status-publish","4":"has-post-thumbnail","6":"product_cat-f","7":"pa_packungsgroesse-3-stueck","9":"first","10":"instock","11":"shipping-taxable","12":"purchasable","13":"product-type-simple"},"acf":[],"_links":{"self":[{"href":"https:\/\/www.ernstbrunn-apotheke.at\/katalog\/wp-json\/wp\/v2\/product\/121584","targetHints":{"allow":["GET"]}}],"collection":[{"href":"https:\/\/www.ernstbrunn-apotheke.at\/katalog\/wp-json\/wp\/v2\/product"}],"about":[{"href":"https:\/\/www.ernstbrunn-apotheke.at\/katalog\/wp-json\/wp\/v2\/types\/product"}],"wp:featuredmedia":[{"embeddable":true,"href":"https:\/\/www.ernstbrunn-apotheke.at\/katalog\/wp-json\/wp\/v2\/media\/121586"}],"wp:attachment":[{"href":"https:\/\/www.ernstbrunn-apotheke.at\/katalog\/wp-json\/wp\/v2\/media?parent=121584"}],"wp:term":[{"taxonomy":"product_brand","embeddable":true,"href":"https:\/\/www.ernstbrunn-apotheke.at\/katalog\/wp-json\/wp\/v2\/product_brand?post=121584"},{"taxonomy":"product_cat","embeddable":true,"href":"https:\/\/www.ernstbrunn-apotheke.at\/katalog\/wp-json\/wp\/v2\/product_cat?post=121584"},{"taxonomy":"product_tag","embeddable":true,"href":"https:\/\/www.ernstbrunn-apotheke.at\/katalog\/wp-json\/wp\/v2\/product_tag?post=121584"}],"curies":[{"name":"wp","href":"https:\/\/api.w.org\/{rel}","templated":true}]}}