{"id":121471,"date":"2025-11-13T10:22:13","date_gmt":"2025-11-13T09:22:13","guid":{"rendered":"https:\/\/www.ernstbrunn-apotheke.at\/katalog\/produkt\/fangocur-mundspray-15-ml-fresh\/"},"modified":"2025-12-09T09:46:21","modified_gmt":"2025-12-09T08:46:21","slug":"fangocur-mundspray-15-ml-fresh","status":"publish","type":"product","link":"https:\/\/www.ernstbrunn-apotheke.at\/katalog\/produkt\/fangocur-mundspray-15-ml-fresh\/","title":{"rendered":"Fangocur Mundspray 15 ml Fresh"},"content":{"rendered":"<p>Fangocur Mundspray gibt einen langanhaltenden, frischen Atem und bek\u00e4mpft das \u00dcbel an seiner Wurzel. Durch die antibakterielle und entz\u00fcndungshemmende Wirkung werden die Bakterien bereits im Mund- und Rachenbereich bek\u00e4mpft.Dieses Produkt erhalten Sie in den Varianten Fresh und Strong.<\/p>\n","protected":false},"excerpt":{"rendered":"<p>Fangocur Mundspray gibt einen langanhaltenden, frischen Atem und bek\u00e4mpft das \u00dcbel an seiner Wurzel. Durch die antibakterielle und entz\u00fcndungshemmende Wirkung werden die Bakterien bereits im Mund- und Rachenbereich bek\u00e4mpft.Dieses Produkt erhalten Sie in den Varianten Fresh und Strong.<\/p>\n","protected":false},"featured_media":121473,"template":"","meta":{"_acf_changed":false},"product_brand":[],"product_cat":[809],"product_tag":[],"class_list":{"0":"post-121471","1":"product","2":"type-product","3":"status-publish","4":"has-post-thumbnail","6":"product_cat-f","7":"pa_packungsgroesse-15ml","9":"first","10":"instock","11":"shipping-taxable","12":"purchasable","13":"product-type-simple"},"acf":[],"_links":{"self":[{"href":"https:\/\/www.ernstbrunn-apotheke.at\/katalog\/wp-json\/wp\/v2\/product\/121471","targetHints":{"allow":["GET"]}}],"collection":[{"href":"https:\/\/www.ernstbrunn-apotheke.at\/katalog\/wp-json\/wp\/v2\/product"}],"about":[{"href":"https:\/\/www.ernstbrunn-apotheke.at\/katalog\/wp-json\/wp\/v2\/types\/product"}],"wp:featuredmedia":[{"embeddable":true,"href":"https:\/\/www.ernstbrunn-apotheke.at\/katalog\/wp-json\/wp\/v2\/media\/121473"}],"wp:attachment":[{"href":"https:\/\/www.ernstbrunn-apotheke.at\/katalog\/wp-json\/wp\/v2\/media?parent=121471"}],"wp:term":[{"taxonomy":"product_brand","embeddable":true,"href":"https:\/\/www.ernstbrunn-apotheke.at\/katalog\/wp-json\/wp\/v2\/product_brand?post=121471"},{"taxonomy":"product_cat","embeddable":true,"href":"https:\/\/www.ernstbrunn-apotheke.at\/katalog\/wp-json\/wp\/v2\/product_cat?post=121471"},{"taxonomy":"product_tag","embeddable":true,"href":"https:\/\/www.ernstbrunn-apotheke.at\/katalog\/wp-json\/wp\/v2\/product_tag?post=121471"}],"curies":[{"name":"wp","href":"https:\/\/api.w.org\/{rel}","templated":true}]}}