{"id":12145,"date":"2025-11-07T14:44:53","date_gmt":"2025-11-07T13:44:53","guid":{"rendered":"https:\/\/www.ernstbrunn-apotheke.at\/katalog\/produkt\/venodril-creme-gel\/"},"modified":"2025-12-08T13:32:43","modified_gmt":"2025-12-08T12:32:43","slug":"venodril-creme-gel","status":"publish","type":"product","link":"https:\/\/www.ernstbrunn-apotheke.at\/katalog\/produkt\/venodril-creme-gel\/","title":{"rendered":"Venodril Creme &#8211; Gel"},"content":{"rendered":"<p>Das Venodril Cremgel mit Steinklee hilft Ihren schweren, m\u00fcden Beinen durchzuhalten. Wohltuende Pflege bei Besenreisern und m\u00fcden, schweren Beinen. Mit durchblutungsf\u00f6rdernder Wirkung.<\/p>\n","protected":false},"excerpt":{"rendered":"<p>Das Venodril Cremgel mit Steinklee hilft Ihren schweren, m\u00fcden Beinen durchzuhalten. Wohltuende Pflege bei Besenreisern und m\u00fcden, schweren Beinen. Mit durchblutungsf\u00f6rdernder Wirkung.<\/p>\n","protected":false},"featured_media":12147,"template":"","meta":{"_acf_changed":false},"product_brand":[],"product_cat":[799],"product_tag":[],"class_list":{"0":"post-12145","1":"product","2":"type-product","3":"status-publish","4":"has-post-thumbnail","6":"product_cat-v","7":"pa_packungsgroesse-100ml","9":"first","10":"instock","11":"shipping-taxable","12":"purchasable","13":"product-type-simple"},"acf":[],"_links":{"self":[{"href":"https:\/\/www.ernstbrunn-apotheke.at\/katalog\/wp-json\/wp\/v2\/product\/12145","targetHints":{"allow":["GET"]}}],"collection":[{"href":"https:\/\/www.ernstbrunn-apotheke.at\/katalog\/wp-json\/wp\/v2\/product"}],"about":[{"href":"https:\/\/www.ernstbrunn-apotheke.at\/katalog\/wp-json\/wp\/v2\/types\/product"}],"wp:featuredmedia":[{"embeddable":true,"href":"https:\/\/www.ernstbrunn-apotheke.at\/katalog\/wp-json\/wp\/v2\/media\/12147"}],"wp:attachment":[{"href":"https:\/\/www.ernstbrunn-apotheke.at\/katalog\/wp-json\/wp\/v2\/media?parent=12145"}],"wp:term":[{"taxonomy":"product_brand","embeddable":true,"href":"https:\/\/www.ernstbrunn-apotheke.at\/katalog\/wp-json\/wp\/v2\/product_brand?post=12145"},{"taxonomy":"product_cat","embeddable":true,"href":"https:\/\/www.ernstbrunn-apotheke.at\/katalog\/wp-json\/wp\/v2\/product_cat?post=12145"},{"taxonomy":"product_tag","embeddable":true,"href":"https:\/\/www.ernstbrunn-apotheke.at\/katalog\/wp-json\/wp\/v2\/product_tag?post=12145"}],"curies":[{"name":"wp","href":"https:\/\/api.w.org\/{rel}","templated":true}]}}