{"id":121387,"date":"2025-11-13T10:20:22","date_gmt":"2025-11-13T09:20:22","guid":{"rendered":"https:\/\/www.ernstbrunn-apotheke.at\/katalog\/produkt\/dr-beckmann-entfaerber-3-in-1-200-g\/"},"modified":"2025-12-09T09:46:06","modified_gmt":"2025-12-09T08:46:06","slug":"dr-beckmann-entfaerber-3-in-1-200-g","status":"publish","type":"product","link":"https:\/\/www.ernstbrunn-apotheke.at\/katalog\/produkt\/dr-beckmann-entfaerber-3-in-1-200-g\/","title":{"rendered":"Dr. Beckmann Entf\u00e4rber 3 in 1 200 g"},"content":{"rendered":"<p>Dr. Beckmann Entf\u00e4rber 3 in 1 kann die Originalfarben wieder herstellen. Spezielle Inhaltsstoffe entfernen die Verf\u00e4rbungen. Die Kleidung sieht nach dem Entf\u00e4rben wieder aus wie zuvor.<\/p>\n","protected":false},"excerpt":{"rendered":"<p>Dr. Beckmann Entf\u00e4rber 3 in 1 kann die Originalfarben wieder herstellen. Spezielle Inhaltsstoffe entfernen die Verf\u00e4rbungen. Die Kleidung sieht nach dem Entf\u00e4rben wieder aus wie zuvor.<\/p>\n","protected":false},"featured_media":121389,"template":"","meta":{"_acf_changed":false},"product_brand":[],"product_cat":[792],"product_tag":[],"class_list":{"0":"post-121387","1":"product","2":"type-product","3":"status-publish","4":"has-post-thumbnail","6":"product_cat-d","7":"pa_packungsgroesse-200g","9":"first","10":"instock","11":"shipping-taxable","12":"purchasable","13":"product-type-simple"},"acf":[],"_links":{"self":[{"href":"https:\/\/www.ernstbrunn-apotheke.at\/katalog\/wp-json\/wp\/v2\/product\/121387","targetHints":{"allow":["GET"]}}],"collection":[{"href":"https:\/\/www.ernstbrunn-apotheke.at\/katalog\/wp-json\/wp\/v2\/product"}],"about":[{"href":"https:\/\/www.ernstbrunn-apotheke.at\/katalog\/wp-json\/wp\/v2\/types\/product"}],"wp:featuredmedia":[{"embeddable":true,"href":"https:\/\/www.ernstbrunn-apotheke.at\/katalog\/wp-json\/wp\/v2\/media\/121389"}],"wp:attachment":[{"href":"https:\/\/www.ernstbrunn-apotheke.at\/katalog\/wp-json\/wp\/v2\/media?parent=121387"}],"wp:term":[{"taxonomy":"product_brand","embeddable":true,"href":"https:\/\/www.ernstbrunn-apotheke.at\/katalog\/wp-json\/wp\/v2\/product_brand?post=121387"},{"taxonomy":"product_cat","embeddable":true,"href":"https:\/\/www.ernstbrunn-apotheke.at\/katalog\/wp-json\/wp\/v2\/product_cat?post=121387"},{"taxonomy":"product_tag","embeddable":true,"href":"https:\/\/www.ernstbrunn-apotheke.at\/katalog\/wp-json\/wp\/v2\/product_tag?post=121387"}],"curies":[{"name":"wp","href":"https:\/\/api.w.org\/{rel}","templated":true}]}}