{"id":12136,"date":"2025-11-07T14:44:39","date_gmt":"2025-11-07T13:44:39","guid":{"rendered":"https:\/\/www.ernstbrunn-apotheke.at\/katalog\/produkt\/hirudoid-forte-salbe\/"},"modified":"2025-12-08T13:32:35","modified_gmt":"2025-12-08T12:32:35","slug":"hirudoid-forte-salbe","status":"publish","type":"product","link":"https:\/\/www.ernstbrunn-apotheke.at\/katalog\/produkt\/hirudoid-forte-salbe\/","title":{"rendered":"Hirudoid\u00ae forte Salbe"},"content":{"rendered":"<p>Hirudoid\u00ae Forte Salbe wirkt entz\u00fcndungs- und gerinnungshemmend und k\u00fchlend. Sie verhindert die Entstehung und f\u00f6rdert die R\u00fcckbildung von oberfl\u00e4chennahen Blutgerinnseln, Bluterg\u00fcssen und Schwellungen. Dieses Produkt erhalten Sie als Gel und als Salbe zu je 40 g.<\/p>\n","protected":false},"excerpt":{"rendered":"<p>Hirudoid\u00ae Forte Salbe wirkt entz\u00fcndungs- und gerinnungshemmend und k\u00fchlend. Sie verhindert die Entstehung und f\u00f6rdert die R\u00fcckbildung von oberfl\u00e4chennahen Blutgerinnseln, Bluterg\u00fcssen und Schwellungen. Dieses Produkt erhalten Sie als Gel und als Salbe zu je 40 g.<\/p>\n","protected":false},"featured_media":12138,"template":"","meta":{"_acf_changed":false},"product_brand":[],"product_cat":[805],"product_tag":[],"class_list":{"0":"post-12136","1":"product","2":"type-product","3":"status-publish","4":"has-post-thumbnail","6":"product_cat-h","7":"pa_packungsgroesse-40g","9":"first","10":"instock","11":"shipping-taxable","12":"purchasable","13":"product-type-simple"},"acf":[],"_links":{"self":[{"href":"https:\/\/www.ernstbrunn-apotheke.at\/katalog\/wp-json\/wp\/v2\/product\/12136","targetHints":{"allow":["GET"]}}],"collection":[{"href":"https:\/\/www.ernstbrunn-apotheke.at\/katalog\/wp-json\/wp\/v2\/product"}],"about":[{"href":"https:\/\/www.ernstbrunn-apotheke.at\/katalog\/wp-json\/wp\/v2\/types\/product"}],"wp:featuredmedia":[{"embeddable":true,"href":"https:\/\/www.ernstbrunn-apotheke.at\/katalog\/wp-json\/wp\/v2\/media\/12138"}],"wp:attachment":[{"href":"https:\/\/www.ernstbrunn-apotheke.at\/katalog\/wp-json\/wp\/v2\/media?parent=12136"}],"wp:term":[{"taxonomy":"product_brand","embeddable":true,"href":"https:\/\/www.ernstbrunn-apotheke.at\/katalog\/wp-json\/wp\/v2\/product_brand?post=12136"},{"taxonomy":"product_cat","embeddable":true,"href":"https:\/\/www.ernstbrunn-apotheke.at\/katalog\/wp-json\/wp\/v2\/product_cat?post=12136"},{"taxonomy":"product_tag","embeddable":true,"href":"https:\/\/www.ernstbrunn-apotheke.at\/katalog\/wp-json\/wp\/v2\/product_tag?post=12136"}],"curies":[{"name":"wp","href":"https:\/\/api.w.org\/{rel}","templated":true}]}}