{"id":121348,"date":"2025-11-13T10:19:20","date_gmt":"2025-11-13T09:19:20","guid":{"rendered":"https:\/\/www.ernstbrunn-apotheke.at\/katalog\/produkt\/huebner-eisenvital-f-250-ml\/"},"modified":"2025-12-09T09:45:57","modified_gmt":"2025-12-09T08:45:57","slug":"huebner-eisenvital-f-250-ml","status":"publish","type":"product","link":"https:\/\/www.ernstbrunn-apotheke.at\/katalog\/produkt\/huebner-eisenvital-f-250-ml\/","title":{"rendered":"H\u00fcbner Eisenvital F 250 ml"},"content":{"rendered":"<p>H\u00fcbner Eisenvital F unterst\u00fctzt die kundengruppengerechte Eisenversorgung. Das essenzielle Spurenelement wird f\u00fcr die Blutbildung, die Sauerstoffversorgung aller Organe und den Sauerstofftransport in den Muskeln ben\u00f6tigt. Au\u00dferdem ist Eisen Bestandteil vieler Enzyme, die den Stoffwechsel in den Zellen regeln. Das in Eisenvital F enthaltene Vitamin C erh\u00f6ht die Eisenaufnahme.<\/p>\n","protected":false},"excerpt":{"rendered":"<p>H\u00fcbner Eisenvital F unterst\u00fctzt die kundengruppengerechte Eisenversorgung. Das essenzielle Spurenelement wird f\u00fcr die Blutbildung, die Sauerstoffversorgung aller Organe und den Sauerstofftransport in den Muskeln ben\u00f6tigt. Au\u00dferdem ist Eisen Bestandteil vieler Enzyme, die den Stoffwechsel in den Zellen regeln. Das in Eisenvital F enthaltene Vitamin C erh\u00f6ht die Eisenaufnahme.<\/p>\n","protected":false},"featured_media":121350,"template":"","meta":{"_acf_changed":false},"product_brand":[],"product_cat":[805],"product_tag":[],"class_list":{"0":"post-121348","1":"product","2":"type-product","3":"status-publish","4":"has-post-thumbnail","6":"product_cat-h","7":"pa_packungsgroesse-250ml","9":"first","10":"instock","11":"shipping-taxable","12":"purchasable","13":"product-type-simple"},"acf":[],"_links":{"self":[{"href":"https:\/\/www.ernstbrunn-apotheke.at\/katalog\/wp-json\/wp\/v2\/product\/121348","targetHints":{"allow":["GET"]}}],"collection":[{"href":"https:\/\/www.ernstbrunn-apotheke.at\/katalog\/wp-json\/wp\/v2\/product"}],"about":[{"href":"https:\/\/www.ernstbrunn-apotheke.at\/katalog\/wp-json\/wp\/v2\/types\/product"}],"wp:featuredmedia":[{"embeddable":true,"href":"https:\/\/www.ernstbrunn-apotheke.at\/katalog\/wp-json\/wp\/v2\/media\/121350"}],"wp:attachment":[{"href":"https:\/\/www.ernstbrunn-apotheke.at\/katalog\/wp-json\/wp\/v2\/media?parent=121348"}],"wp:term":[{"taxonomy":"product_brand","embeddable":true,"href":"https:\/\/www.ernstbrunn-apotheke.at\/katalog\/wp-json\/wp\/v2\/product_brand?post=121348"},{"taxonomy":"product_cat","embeddable":true,"href":"https:\/\/www.ernstbrunn-apotheke.at\/katalog\/wp-json\/wp\/v2\/product_cat?post=121348"},{"taxonomy":"product_tag","embeddable":true,"href":"https:\/\/www.ernstbrunn-apotheke.at\/katalog\/wp-json\/wp\/v2\/product_tag?post=121348"}],"curies":[{"name":"wp","href":"https:\/\/api.w.org\/{rel}","templated":true}]}}