{"id":121344,"date":"2025-11-13T10:19:20","date_gmt":"2025-11-13T09:19:20","guid":{"rendered":"https:\/\/www.ernstbrunn-apotheke.at\/katalog\/produkt\/edles-samariterherz-500-ml\/"},"modified":"2025-12-09T09:45:57","modified_gmt":"2025-12-09T08:45:57","slug":"edles-samariterherz-500-ml","status":"publish","type":"product","link":"https:\/\/www.ernstbrunn-apotheke.at\/katalog\/produkt\/edles-samariterherz-500-ml\/","title":{"rendered":"Edles Samariterherz 500 ml"},"content":{"rendered":"<p>Was die Natur uns schenkt, gibt Ihrem K\u00f6rper neue Kraft und Wohlbefinden. Edles Samariterherz, das wohlschmeckende und bek\u00f6mmliche Tonikum mit 10 nat\u00fcrlichen Pflanzenextrakten in Arzneibuchqualit\u00e4t, hilft Ihnen, mit den t\u00e4glichen Belastungen leichter fertig zu werden. Es schenkt Lebensfreude und gute Laune..<\/p>\n","protected":false},"excerpt":{"rendered":"<p>Was die Natur uns schenkt, gibt Ihrem K\u00f6rper neue Kraft und Wohlbefinden. Edles Samariterherz, das wohlschmeckende und bek\u00f6mmliche Tonikum mit 10 nat\u00fcrlichen Pflanzenextrakten in Arzneibuchqualit\u00e4t, hilft Ihnen, mit den t\u00e4glichen Belastungen leichter fertig zu werden. Es schenkt Lebensfreude und gute Laune..<\/p>\n","protected":false},"featured_media":121346,"template":"","meta":{"_acf_changed":false},"product_brand":[],"product_cat":[794],"product_tag":[],"class_list":{"0":"post-121344","1":"product","2":"type-product","3":"status-publish","4":"has-post-thumbnail","6":"product_cat-e","7":"pa_packungsgroesse-500ml","9":"first","10":"instock","11":"shipping-taxable","12":"purchasable","13":"product-type-simple"},"acf":[],"_links":{"self":[{"href":"https:\/\/www.ernstbrunn-apotheke.at\/katalog\/wp-json\/wp\/v2\/product\/121344","targetHints":{"allow":["GET"]}}],"collection":[{"href":"https:\/\/www.ernstbrunn-apotheke.at\/katalog\/wp-json\/wp\/v2\/product"}],"about":[{"href":"https:\/\/www.ernstbrunn-apotheke.at\/katalog\/wp-json\/wp\/v2\/types\/product"}],"wp:featuredmedia":[{"embeddable":true,"href":"https:\/\/www.ernstbrunn-apotheke.at\/katalog\/wp-json\/wp\/v2\/media\/121346"}],"wp:attachment":[{"href":"https:\/\/www.ernstbrunn-apotheke.at\/katalog\/wp-json\/wp\/v2\/media?parent=121344"}],"wp:term":[{"taxonomy":"product_brand","embeddable":true,"href":"https:\/\/www.ernstbrunn-apotheke.at\/katalog\/wp-json\/wp\/v2\/product_brand?post=121344"},{"taxonomy":"product_cat","embeddable":true,"href":"https:\/\/www.ernstbrunn-apotheke.at\/katalog\/wp-json\/wp\/v2\/product_cat?post=121344"},{"taxonomy":"product_tag","embeddable":true,"href":"https:\/\/www.ernstbrunn-apotheke.at\/katalog\/wp-json\/wp\/v2\/product_tag?post=121344"}],"curies":[{"name":"wp","href":"https:\/\/api.w.org\/{rel}","templated":true}]}}