{"id":12132,"date":"2025-11-07T14:44:39","date_gmt":"2025-11-07T13:44:39","guid":{"rendered":"https:\/\/www.ernstbrunn-apotheke.at\/katalog\/produkt\/hirudoid-forte-gel\/"},"modified":"2025-12-08T13:32:35","modified_gmt":"2025-12-08T12:32:35","slug":"hirudoid-forte-gel","status":"publish","type":"product","link":"https:\/\/www.ernstbrunn-apotheke.at\/katalog\/produkt\/hirudoid-forte-gel\/","title":{"rendered":"Hirudoid\u00ae forte Gel"},"content":{"rendered":"<p>HIRUDOID\u00ae Forte Gel wirkt entz\u00fcndungs- und gerinnungshemmend und k\u00fchlend. Es verhindert die Entstehung und f\u00f6rdert die R\u00fcckbildung von oberfl\u00e4chennahen Blutgerinnseln, Bluterg\u00fcssen und Schwellungen.<\/p>\n","protected":false},"excerpt":{"rendered":"<p>HIRUDOID\u00ae Forte Gel wirkt entz\u00fcndungs- und gerinnungshemmend und k\u00fchlend. Es verhindert die Entstehung und f\u00f6rdert die R\u00fcckbildung von oberfl\u00e4chennahen Blutgerinnseln, Bluterg\u00fcssen und Schwellungen.<\/p>\n","protected":false},"featured_media":12134,"template":"","meta":{"_acf_changed":false},"product_brand":[],"product_cat":[805],"product_tag":[],"class_list":{"0":"post-12132","1":"product","2":"type-product","3":"status-publish","4":"has-post-thumbnail","6":"product_cat-h","7":"pa_packungsgroesse-40g","9":"first","10":"instock","11":"shipping-taxable","12":"purchasable","13":"product-type-simple"},"acf":[],"_links":{"self":[{"href":"https:\/\/www.ernstbrunn-apotheke.at\/katalog\/wp-json\/wp\/v2\/product\/12132","targetHints":{"allow":["GET"]}}],"collection":[{"href":"https:\/\/www.ernstbrunn-apotheke.at\/katalog\/wp-json\/wp\/v2\/product"}],"about":[{"href":"https:\/\/www.ernstbrunn-apotheke.at\/katalog\/wp-json\/wp\/v2\/types\/product"}],"wp:featuredmedia":[{"embeddable":true,"href":"https:\/\/www.ernstbrunn-apotheke.at\/katalog\/wp-json\/wp\/v2\/media\/12134"}],"wp:attachment":[{"href":"https:\/\/www.ernstbrunn-apotheke.at\/katalog\/wp-json\/wp\/v2\/media?parent=12132"}],"wp:term":[{"taxonomy":"product_brand","embeddable":true,"href":"https:\/\/www.ernstbrunn-apotheke.at\/katalog\/wp-json\/wp\/v2\/product_brand?post=12132"},{"taxonomy":"product_cat","embeddable":true,"href":"https:\/\/www.ernstbrunn-apotheke.at\/katalog\/wp-json\/wp\/v2\/product_cat?post=12132"},{"taxonomy":"product_tag","embeddable":true,"href":"https:\/\/www.ernstbrunn-apotheke.at\/katalog\/wp-json\/wp\/v2\/product_tag?post=12132"}],"curies":[{"name":"wp","href":"https:\/\/api.w.org\/{rel}","templated":true}]}}