{"id":12125,"date":"2025-11-07T14:44:39","date_gmt":"2025-11-07T13:44:39","guid":{"rendered":"https:\/\/www.ernstbrunn-apotheke.at\/katalog\/produkt\/hemoclin-gel-37-g\/"},"modified":"2025-12-08T13:32:33","modified_gmt":"2025-12-08T12:32:33","slug":"hemoclin-gel-37-g","status":"publish","type":"product","link":"https:\/\/www.ernstbrunn-apotheke.at\/katalog\/produkt\/hemoclin-gel-37-g\/","title":{"rendered":"Hemoclin Gel 37 g"},"content":{"rendered":"<p>HemoClin &#8211; endlich Linderung bei H\u00e4morrhoiden! HemoClin ist ein sofort k\u00fchlendes und beruhigendes Gel, das zur Unterst\u00fctzung des nat\u00fcrlichen Heilungsprozesses bei H\u00e4morrhoiden und Irritationen im Analbereich entwickelt wurde. Es lindert H\u00e4morrhoidalleiden und Analbeschwerden, wie Juckreiz, Brennen, Irritationen und Schmerzen. Zudem wirkt es antibakteriell und sch\u00fctzt so vor Entz\u00fcndungen der sensiblen Schleimhaut im Analbereich und kann daher auch H\u00e4morrhoidalleiden vorbeugen..<\/p>\n","protected":false},"excerpt":{"rendered":"<p>HemoClin &#8211; endlich Linderung bei H\u00e4morrhoiden! HemoClin ist ein sofort k\u00fchlendes und beruhigendes Gel, das zur Unterst\u00fctzung des nat\u00fcrlichen Heilungsprozesses bei H\u00e4morrhoiden und Irritationen im Analbereich entwickelt wurde. Es lindert H\u00e4morrhoidalleiden und Analbeschwerden, wie Juckreiz, Brennen, Irritationen und Schmerzen. Zudem wirkt es antibakteriell und sch\u00fctzt so vor Entz\u00fcndungen der sensiblen Schleimhaut im Analbereich und kann [&hellip;]<\/p>\n","protected":false},"featured_media":12127,"template":"","meta":{"_acf_changed":false},"product_brand":[],"product_cat":[805],"product_tag":[],"class_list":{"0":"post-12125","1":"product","2":"type-product","3":"status-publish","4":"has-post-thumbnail","6":"product_cat-h","7":"pa_packungsgroesse-37g","9":"first","10":"instock","11":"shipping-taxable","12":"purchasable","13":"product-type-simple"},"acf":[],"_links":{"self":[{"href":"https:\/\/www.ernstbrunn-apotheke.at\/katalog\/wp-json\/wp\/v2\/product\/12125","targetHints":{"allow":["GET"]}}],"collection":[{"href":"https:\/\/www.ernstbrunn-apotheke.at\/katalog\/wp-json\/wp\/v2\/product"}],"about":[{"href":"https:\/\/www.ernstbrunn-apotheke.at\/katalog\/wp-json\/wp\/v2\/types\/product"}],"wp:featuredmedia":[{"embeddable":true,"href":"https:\/\/www.ernstbrunn-apotheke.at\/katalog\/wp-json\/wp\/v2\/media\/12127"}],"wp:attachment":[{"href":"https:\/\/www.ernstbrunn-apotheke.at\/katalog\/wp-json\/wp\/v2\/media?parent=12125"}],"wp:term":[{"taxonomy":"product_brand","embeddable":true,"href":"https:\/\/www.ernstbrunn-apotheke.at\/katalog\/wp-json\/wp\/v2\/product_brand?post=12125"},{"taxonomy":"product_cat","embeddable":true,"href":"https:\/\/www.ernstbrunn-apotheke.at\/katalog\/wp-json\/wp\/v2\/product_cat?post=12125"},{"taxonomy":"product_tag","embeddable":true,"href":"https:\/\/www.ernstbrunn-apotheke.at\/katalog\/wp-json\/wp\/v2\/product_tag?post=12125"}],"curies":[{"name":"wp","href":"https:\/\/api.w.org\/{rel}","templated":true}]}}