{"id":121237,"date":"2025-11-13T10:16:29","date_gmt":"2025-11-13T09:16:29","guid":{"rendered":"https:\/\/www.ernstbrunn-apotheke.at\/katalog\/produkt\/doc-ibuprofen-schmerzgel-5-gel-3\/"},"modified":"2025-12-09T09:45:38","modified_gmt":"2025-12-09T08:45:38","slug":"doc-ibuprofen-schmerzgel-5-gel-3","status":"publish","type":"product","link":"https:\/\/www.ernstbrunn-apotheke.at\/katalog\/produkt\/doc-ibuprofen-schmerzgel-5-gel-3\/","title":{"rendered":"doc Ibuprofen Schmerzgel &#8211; 5% Gel"},"content":{"rendered":"<p><strong>Tiefenwirksam bei R\u00fccken- und Gelenkschmerzen<\/strong><br \/><strong>doc\u00ae Ibuprofen Schmerzgel \u2013 der Spezialist gegen Schmerz und Entz\u00fcndung<\/strong><\/p>\n<p>Ob bei R\u00fcckenschmerzen oder Gelenkbeschwerden: <strong>doc\u00ae Ibuprofen Schmerzgel<\/strong> ist Ihr bew\u00e4hrter Begleiter zur gezielten Schmerzlinderung. Dank microgel\u00f6stem Ibuprofen wirkt es dort, wo der Schmerz entsteht \u2013 tief im Gewebe.<\/p>\n<h3>Die Vorteile auf einen Blick:<\/h3>\n<ul>\n<li>\n<p><strong>Gezielte Tiefenwirkung:<\/strong><br \/>Die innovative Microgel-Galenik sorgt daf\u00fcr, dass das microgel\u00f6ste Ibuprofen besonders schnell und effektiv an den Schmerzort gelangt.<\/p>\n<\/li>\n<li>\n<p><strong>Stark gegen Entz\u00fcndungen:<\/strong><br \/>Der Wirkstoff hemmt gezielt die Bildung von Prostaglandinen \u2013 Botenstoffen, die Schmerzen und Entz\u00fcndungen ausl\u00f6sen.<\/p>\n<\/li>\n<li>\n<p><strong>Schnelle Schmerzlinderung:<\/strong><br \/>Die Kombination aus bew\u00e4hrtem Wirkstoff und moderner Galenik erm\u00f6glicht eine rasche Penetration und sp\u00fcrbare Erleichterung in kurzer Zeit.<\/p>\n<\/li>\n<\/ul>\n<p><strong>doc\u00ae Ibuprofen Schmerzgel<\/strong> \u2013 wenn es darauf ankommt, Schmerzen tiefenwirksam zu behandeln.<\/p>\n<p>\u00a0<\/p>\n","protected":false},"excerpt":{"rendered":"<p>Tiefenwirksam bei R\u00fccken- und Gelenkschmerzendoc\u00ae Ibuprofen Schmerzgel \u2013 der Spezialist gegen Schmerz und Entz\u00fcndung Ob bei R\u00fcckenschmerzen oder Gelenkbeschwerden: doc\u00ae Ibuprofen Schmerzgel ist Ihr bew\u00e4hrter Begleiter zur gezielten Schmerzlinderung. Dank microgel\u00f6stem Ibuprofen wirkt es dort, wo der Schmerz entsteht \u2013 tief im Gewebe. Die Vorteile auf einen Blick: Gezielte Tiefenwirkung:Die innovative Microgel-Galenik sorgt daf\u00fcr, dass [&hellip;]<\/p>\n","protected":false},"featured_media":121239,"template":"","meta":{"_acf_changed":false},"product_brand":[997],"product_cat":[792],"product_tag":[],"class_list":{"0":"post-121237","1":"product","2":"type-product","3":"status-publish","4":"has-post-thumbnail","6":"product_brand-doc","7":"product_cat-d","8":"pa_packungsgroesse-150g","10":"first","11":"instock","12":"shipping-taxable","13":"purchasable","14":"product-type-simple"},"acf":[],"_links":{"self":[{"href":"https:\/\/www.ernstbrunn-apotheke.at\/katalog\/wp-json\/wp\/v2\/product\/121237","targetHints":{"allow":["GET"]}}],"collection":[{"href":"https:\/\/www.ernstbrunn-apotheke.at\/katalog\/wp-json\/wp\/v2\/product"}],"about":[{"href":"https:\/\/www.ernstbrunn-apotheke.at\/katalog\/wp-json\/wp\/v2\/types\/product"}],"wp:featuredmedia":[{"embeddable":true,"href":"https:\/\/www.ernstbrunn-apotheke.at\/katalog\/wp-json\/wp\/v2\/media\/121239"}],"wp:attachment":[{"href":"https:\/\/www.ernstbrunn-apotheke.at\/katalog\/wp-json\/wp\/v2\/media?parent=121237"}],"wp:term":[{"taxonomy":"product_brand","embeddable":true,"href":"https:\/\/www.ernstbrunn-apotheke.at\/katalog\/wp-json\/wp\/v2\/product_brand?post=121237"},{"taxonomy":"product_cat","embeddable":true,"href":"https:\/\/www.ernstbrunn-apotheke.at\/katalog\/wp-json\/wp\/v2\/product_cat?post=121237"},{"taxonomy":"product_tag","embeddable":true,"href":"https:\/\/www.ernstbrunn-apotheke.at\/katalog\/wp-json\/wp\/v2\/product_tag?post=121237"}],"curies":[{"name":"wp","href":"https:\/\/api.w.org\/{rel}","templated":true}]}}