{"id":12111,"date":"2025-11-07T14:44:23","date_gmt":"2025-11-07T13:44:23","guid":{"rendered":"https:\/\/www.ernstbrunn-apotheke.at\/katalog\/produkt\/sulgan-99-haemorrhoidalsalbe-30-g\/"},"modified":"2025-12-08T13:32:30","modified_gmt":"2025-12-08T12:32:30","slug":"sulgan-99-haemorrhoidalsalbe-30-g","status":"publish","type":"product","link":"https:\/\/www.ernstbrunn-apotheke.at\/katalog\/produkt\/sulgan-99-haemorrhoidalsalbe-30-g\/","title":{"rendered":"Sulgan 99 H\u00e4morrhoidalsalbe 30 g"},"content":{"rendered":"<p>Sulgan H\u00e4morrhoidalsalbe wird zur \u00e4u\u00dferen Behandlung von H\u00e4morrhoiden, Analekzemen, Darmeinrissen, Infektionen, Entz\u00fcndungen und Juckreiz im Bereich des Darmausganges angewendet.<\/p>\n","protected":false},"excerpt":{"rendered":"<p>Sulgan H\u00e4morrhoidalsalbe wird zur \u00e4u\u00dferen Behandlung von H\u00e4morrhoiden, Analekzemen, Darmeinrissen, Infektionen, Entz\u00fcndungen und Juckreiz im Bereich des Darmausganges angewendet.<\/p>\n","protected":false},"featured_media":12113,"template":"","meta":{"_acf_changed":false},"product_brand":[],"product_cat":[791],"product_tag":[],"class_list":{"0":"post-12111","1":"product","2":"type-product","3":"status-publish","4":"has-post-thumbnail","6":"product_cat-s","7":"pa_farbe-weiss","8":"pa_packungsgroesse-30g","10":"first","11":"instock","12":"shipping-taxable","13":"purchasable","14":"product-type-simple"},"acf":[],"_links":{"self":[{"href":"https:\/\/www.ernstbrunn-apotheke.at\/katalog\/wp-json\/wp\/v2\/product\/12111","targetHints":{"allow":["GET"]}}],"collection":[{"href":"https:\/\/www.ernstbrunn-apotheke.at\/katalog\/wp-json\/wp\/v2\/product"}],"about":[{"href":"https:\/\/www.ernstbrunn-apotheke.at\/katalog\/wp-json\/wp\/v2\/types\/product"}],"wp:featuredmedia":[{"embeddable":true,"href":"https:\/\/www.ernstbrunn-apotheke.at\/katalog\/wp-json\/wp\/v2\/media\/12113"}],"wp:attachment":[{"href":"https:\/\/www.ernstbrunn-apotheke.at\/katalog\/wp-json\/wp\/v2\/media?parent=12111"}],"wp:term":[{"taxonomy":"product_brand","embeddable":true,"href":"https:\/\/www.ernstbrunn-apotheke.at\/katalog\/wp-json\/wp\/v2\/product_brand?post=12111"},{"taxonomy":"product_cat","embeddable":true,"href":"https:\/\/www.ernstbrunn-apotheke.at\/katalog\/wp-json\/wp\/v2\/product_cat?post=12111"},{"taxonomy":"product_tag","embeddable":true,"href":"https:\/\/www.ernstbrunn-apotheke.at\/katalog\/wp-json\/wp\/v2\/product_tag?post=12111"}],"curies":[{"name":"wp","href":"https:\/\/api.w.org\/{rel}","templated":true}]}}