{"id":12096,"date":"2025-11-07T14:43:56","date_gmt":"2025-11-07T13:43:56","guid":{"rendered":"https:\/\/www.ernstbrunn-apotheke.at\/katalog\/produkt\/venostasin-creme-75-g\/"},"modified":"2025-12-08T13:32:27","modified_gmt":"2025-12-08T12:32:27","slug":"venostasin-creme-75-g","status":"publish","type":"product","link":"https:\/\/www.ernstbrunn-apotheke.at\/katalog\/produkt\/venostasin-creme-75-g\/","title":{"rendered":"Venostasin Creme 75 g"},"content":{"rendered":"<p>Venostasin-Creme ist ein traditionelles pflanzliches Arzneimittel zur Linderung von Beschwerden und Schweregef\u00fchl in den Beinen aufgrund einer geringf\u00fcgigen ven\u00f6sen Durchblutungsst\u00f6rung.<\/p>\n","protected":false},"excerpt":{"rendered":"<p>Venostasin-Creme ist ein traditionelles pflanzliches Arzneimittel zur Linderung von Beschwerden und Schweregef\u00fchl in den Beinen aufgrund einer geringf\u00fcgigen ven\u00f6sen Durchblutungsst\u00f6rung.<\/p>\n","protected":false},"featured_media":12098,"template":"","meta":{"_acf_changed":false},"product_brand":[],"product_cat":[799],"product_tag":[],"class_list":{"0":"post-12096","1":"product","2":"type-product","3":"status-publish","4":"has-post-thumbnail","6":"product_cat-v","7":"pa_packungsgroesse-75g","9":"first","10":"instock","11":"shipping-taxable","12":"purchasable","13":"product-type-simple"},"acf":[],"_links":{"self":[{"href":"https:\/\/www.ernstbrunn-apotheke.at\/katalog\/wp-json\/wp\/v2\/product\/12096","targetHints":{"allow":["GET"]}}],"collection":[{"href":"https:\/\/www.ernstbrunn-apotheke.at\/katalog\/wp-json\/wp\/v2\/product"}],"about":[{"href":"https:\/\/www.ernstbrunn-apotheke.at\/katalog\/wp-json\/wp\/v2\/types\/product"}],"wp:featuredmedia":[{"embeddable":true,"href":"https:\/\/www.ernstbrunn-apotheke.at\/katalog\/wp-json\/wp\/v2\/media\/12098"}],"wp:attachment":[{"href":"https:\/\/www.ernstbrunn-apotheke.at\/katalog\/wp-json\/wp\/v2\/media?parent=12096"}],"wp:term":[{"taxonomy":"product_brand","embeddable":true,"href":"https:\/\/www.ernstbrunn-apotheke.at\/katalog\/wp-json\/wp\/v2\/product_brand?post=12096"},{"taxonomy":"product_cat","embeddable":true,"href":"https:\/\/www.ernstbrunn-apotheke.at\/katalog\/wp-json\/wp\/v2\/product_cat?post=12096"},{"taxonomy":"product_tag","embeddable":true,"href":"https:\/\/www.ernstbrunn-apotheke.at\/katalog\/wp-json\/wp\/v2\/product_tag?post=12096"}],"curies":[{"name":"wp","href":"https:\/\/api.w.org\/{rel}","templated":true}]}}