{"id":12072,"date":"2025-11-07T14:43:56","date_gmt":"2025-11-07T13:43:56","guid":{"rendered":"https:\/\/www.ernstbrunn-apotheke.at\/katalog\/produkt\/venoruton-500-mg-tabletten-30-stk\/"},"modified":"2025-12-08T13:32:23","modified_gmt":"2025-12-08T12:32:23","slug":"venoruton-500-mg-tabletten-30-stk","status":"publish","type":"product","link":"https:\/\/www.ernstbrunn-apotheke.at\/katalog\/produkt\/venoruton-500-mg-tabletten-30-stk\/","title":{"rendered":"Venoruton 500 mg Tabletten 30 Stk."},"content":{"rendered":"<p>Venoruton wird angewendet zur unterst\u00fctzenden Behandlung der Beschwerden bei Erkrankungen der Beinvenen, wie Wasseransammlungen (\u00d6deme) und Schwellungen, bei H\u00e4morrhoiden, bei Schmerzen, Kr\u00e4mpfen oder Kribbeln in den Beinen sowie bei &#8222;m\u00fcden und schweren Beinen&#8220;.<\/p>\n","protected":false},"excerpt":{"rendered":"<p>Venoruton wird angewendet zur unterst\u00fctzenden Behandlung der Beschwerden bei Erkrankungen der Beinvenen, wie Wasseransammlungen (\u00d6deme) und Schwellungen, bei H\u00e4morrhoiden, bei Schmerzen, Kr\u00e4mpfen oder Kribbeln in den Beinen sowie bei &#8222;m\u00fcden und schweren Beinen&#8220;.<\/p>\n","protected":false},"featured_media":12074,"template":"","meta":{"_acf_changed":false},"product_brand":[],"product_cat":[799],"product_tag":[],"class_list":{"0":"post-12072","1":"product","2":"type-product","3":"status-publish","4":"has-post-thumbnail","6":"product_cat-v","7":"pa_packungsgroesse-30-stueck","9":"first","10":"instock","11":"shipping-taxable","12":"purchasable","13":"product-type-simple"},"acf":[],"_links":{"self":[{"href":"https:\/\/www.ernstbrunn-apotheke.at\/katalog\/wp-json\/wp\/v2\/product\/12072","targetHints":{"allow":["GET"]}}],"collection":[{"href":"https:\/\/www.ernstbrunn-apotheke.at\/katalog\/wp-json\/wp\/v2\/product"}],"about":[{"href":"https:\/\/www.ernstbrunn-apotheke.at\/katalog\/wp-json\/wp\/v2\/types\/product"}],"wp:featuredmedia":[{"embeddable":true,"href":"https:\/\/www.ernstbrunn-apotheke.at\/katalog\/wp-json\/wp\/v2\/media\/12074"}],"wp:attachment":[{"href":"https:\/\/www.ernstbrunn-apotheke.at\/katalog\/wp-json\/wp\/v2\/media?parent=12072"}],"wp:term":[{"taxonomy":"product_brand","embeddable":true,"href":"https:\/\/www.ernstbrunn-apotheke.at\/katalog\/wp-json\/wp\/v2\/product_brand?post=12072"},{"taxonomy":"product_cat","embeddable":true,"href":"https:\/\/www.ernstbrunn-apotheke.at\/katalog\/wp-json\/wp\/v2\/product_cat?post=12072"},{"taxonomy":"product_tag","embeddable":true,"href":"https:\/\/www.ernstbrunn-apotheke.at\/katalog\/wp-json\/wp\/v2\/product_tag?post=12072"}],"curies":[{"name":"wp","href":"https:\/\/api.w.org\/{rel}","templated":true}]}}