{"id":12069,"date":"2025-11-07T14:43:42","date_gmt":"2025-11-07T13:43:42","guid":{"rendered":"https:\/\/www.ernstbrunn-apotheke.at\/katalog\/produkt\/venobene-salbe\/"},"modified":"2025-12-08T13:32:23","modified_gmt":"2025-12-08T12:32:23","slug":"venobene-salbe","status":"publish","type":"product","link":"https:\/\/www.ernstbrunn-apotheke.at\/katalog\/produkt\/venobene-salbe\/","title":{"rendered":"Venobene Salbe"},"content":{"rendered":"<p>Venobene Salbe enth\u00e4lt eine Kombination der Wirkstoffe Heparin und Dexpanthenol und eignet sich zur unterst\u00fctzenden Behandlung von Entz\u00fcndung und Blutgerinnselbildung in oberfl\u00e4chlichen Venen und Entz\u00fcndung des umgebenden Bindegewebes, H\u00e4morrhoiden, Folgezust\u00e4nden von Venenerkrankungen sowie Sport- und Unfallverletzungen wie Bluterg\u00fcsse, Prellungen und Verstauchungen.<\/p>\n","protected":false},"excerpt":{"rendered":"<p>Venobene Salbe enth\u00e4lt eine Kombination der Wirkstoffe Heparin und Dexpanthenol und eignet sich zur unterst\u00fctzenden Behandlung von Entz\u00fcndung und Blutgerinnselbildung in oberfl\u00e4chlichen Venen und Entz\u00fcndung des umgebenden Bindegewebes, H\u00e4morrhoiden, Folgezust\u00e4nden von Venenerkrankungen sowie Sport- und Unfallverletzungen wie Bluterg\u00fcsse, Prellungen und Verstauchungen.<\/p>\n","protected":false},"featured_media":12071,"template":"","meta":{"_acf_changed":false},"product_brand":[],"product_cat":[799],"product_tag":[],"class_list":{"0":"post-12069","1":"product","2":"type-product","3":"status-publish","4":"has-post-thumbnail","6":"product_cat-v","7":"pa_packungsgroesse-40g","9":"first","10":"instock","11":"shipping-taxable","12":"purchasable","13":"product-type-simple"},"acf":[],"_links":{"self":[{"href":"https:\/\/www.ernstbrunn-apotheke.at\/katalog\/wp-json\/wp\/v2\/product\/12069","targetHints":{"allow":["GET"]}}],"collection":[{"href":"https:\/\/www.ernstbrunn-apotheke.at\/katalog\/wp-json\/wp\/v2\/product"}],"about":[{"href":"https:\/\/www.ernstbrunn-apotheke.at\/katalog\/wp-json\/wp\/v2\/types\/product"}],"wp:featuredmedia":[{"embeddable":true,"href":"https:\/\/www.ernstbrunn-apotheke.at\/katalog\/wp-json\/wp\/v2\/media\/12071"}],"wp:attachment":[{"href":"https:\/\/www.ernstbrunn-apotheke.at\/katalog\/wp-json\/wp\/v2\/media?parent=12069"}],"wp:term":[{"taxonomy":"product_brand","embeddable":true,"href":"https:\/\/www.ernstbrunn-apotheke.at\/katalog\/wp-json\/wp\/v2\/product_brand?post=12069"},{"taxonomy":"product_cat","embeddable":true,"href":"https:\/\/www.ernstbrunn-apotheke.at\/katalog\/wp-json\/wp\/v2\/product_cat?post=12069"},{"taxonomy":"product_tag","embeddable":true,"href":"https:\/\/www.ernstbrunn-apotheke.at\/katalog\/wp-json\/wp\/v2\/product_tag?post=12069"}],"curies":[{"name":"wp","href":"https:\/\/api.w.org\/{rel}","templated":true}]}}