{"id":120381,"date":"2025-11-13T09:21:27","date_gmt":"2025-11-13T08:21:27","guid":{"rendered":"https:\/\/www.ernstbrunn-apotheke.at\/katalog\/produkt\/die-base-basisches-badesalz-15-kg\/"},"modified":"2025-12-09T09:42:50","modified_gmt":"2025-12-09T08:42:50","slug":"die-base-basisches-badesalz-15-kg","status":"publish","type":"product","link":"https:\/\/www.ernstbrunn-apotheke.at\/katalog\/produkt\/die-base-basisches-badesalz-15-kg\/","title":{"rendered":"DIE BASE Basisches Badesalz 1,5 kg"},"content":{"rendered":"<p>DIE BASE Basisches Badesalz neutralisiert S\u00e4uren auf der Haut und regt zudem die Haut in ihrer nat\u00fcrlichen S\u00e4ure- und Giftausscheidungsfunktion an. Au\u00dferdem bewirkt das Produkt eine Selbstfettung der Haut und unterst\u00fctzt den aktiven Zellschutz.<\/p>\n","protected":false},"excerpt":{"rendered":"<p>DIE BASE Basisches Badesalz neutralisiert S\u00e4uren auf der Haut und regt zudem die Haut in ihrer nat\u00fcrlichen S\u00e4ure- und Giftausscheidungsfunktion an. Au\u00dferdem bewirkt das Produkt eine Selbstfettung der Haut und unterst\u00fctzt den aktiven Zellschutz.<\/p>\n","protected":false},"featured_media":120383,"template":"","meta":{"_acf_changed":false},"product_brand":[],"product_cat":[792],"product_tag":[],"class_list":{"0":"post-120381","1":"product","2":"type-product","3":"status-publish","4":"has-post-thumbnail","6":"product_cat-d","7":"pa_packungsgroesse-1500g","9":"first","10":"instock","11":"shipping-taxable","12":"purchasable","13":"product-type-simple"},"acf":[],"_links":{"self":[{"href":"https:\/\/www.ernstbrunn-apotheke.at\/katalog\/wp-json\/wp\/v2\/product\/120381","targetHints":{"allow":["GET"]}}],"collection":[{"href":"https:\/\/www.ernstbrunn-apotheke.at\/katalog\/wp-json\/wp\/v2\/product"}],"about":[{"href":"https:\/\/www.ernstbrunn-apotheke.at\/katalog\/wp-json\/wp\/v2\/types\/product"}],"wp:featuredmedia":[{"embeddable":true,"href":"https:\/\/www.ernstbrunn-apotheke.at\/katalog\/wp-json\/wp\/v2\/media\/120383"}],"wp:attachment":[{"href":"https:\/\/www.ernstbrunn-apotheke.at\/katalog\/wp-json\/wp\/v2\/media?parent=120381"}],"wp:term":[{"taxonomy":"product_brand","embeddable":true,"href":"https:\/\/www.ernstbrunn-apotheke.at\/katalog\/wp-json\/wp\/v2\/product_brand?post=120381"},{"taxonomy":"product_cat","embeddable":true,"href":"https:\/\/www.ernstbrunn-apotheke.at\/katalog\/wp-json\/wp\/v2\/product_cat?post=120381"},{"taxonomy":"product_tag","embeddable":true,"href":"https:\/\/www.ernstbrunn-apotheke.at\/katalog\/wp-json\/wp\/v2\/product_tag?post=120381"}],"curies":[{"name":"wp","href":"https:\/\/api.w.org\/{rel}","templated":true}]}}